{"id":10931,"date":"2022-06-23T23:47:16","date_gmt":"2022-06-23T23:47:16","guid":{"rendered":"https:\/\/bambolear.com.br\/?post_type=product&#038;p=10931"},"modified":"2022-07-06T22:19:40","modified_gmt":"2022-07-06T22:19:40","slug":"curso-aprenda-a-bombolear","status":"publish","type":"product","link":"https:\/\/bambolear.com.br\/en\/product\/curso-aprenda-a-bombolear\/","title":{"rendered":"Curso \u2013 Aprenda a Bombolear"},"content":{"rendered":"<p>J\u00e1 ensina pessoas de todos os n\u00edveis h\u00e1 mais de 10 anos.<br \/>\nMulti-artista, com especialidade em bambol\u00eas, j\u00e1 viajou o mundo apresentando espet\u00e1culos e ministrando workshops.<\/p>","protected":false},"excerpt":{"rendered":"<p>J\u00e1 ensina pessoas de todos os n\u00edveis h\u00e1 mais de 10 anos. Multi-artista, com especialidade em bambol\u00eas, j\u00e1 viajou o mundo apresentando espet\u00e1culos e ministrando workshops.<\/p>","protected":false},"featured_media":10927,"comment_status":"open","ping_status":"closed","template":"","meta":[],"product_brand":[],"product_cat":[15],"product_tag":[],"class_list":{"0":"post-10931","1":"product","2":"type-product","3":"status-publish","4":"has-post-thumbnail","6":"product_cat-uncategorized","8":"first","9":"instock","10":"sale","11":"shipping-taxable","12":"product-type-external"},"jetpack_sharing_enabled":true,"_links":{"self":[{"href":"https:\/\/bambolear.com.br\/en\/wp-json\/wp\/v2\/product\/10931","targetHints":{"allow":["GET"]}}],"collection":[{"href":"https:\/\/bambolear.com.br\/en\/wp-json\/wp\/v2\/product"}],"about":[{"href":"https:\/\/bambolear.com.br\/en\/wp-json\/wp\/v2\/types\/product"}],"replies":[{"embeddable":true,"href":"https:\/\/bambolear.com.br\/en\/wp-json\/wp\/v2\/comments?post=10931"}],"version-history":[{"count":2,"href":"https:\/\/bambolear.com.br\/en\/wp-json\/wp\/v2\/product\/10931\/revisions"}],"predecessor-version":[{"id":10939,"href":"https:\/\/bambolear.com.br\/en\/wp-json\/wp\/v2\/product\/10931\/revisions\/10939"}],"wp:featuredmedia":[{"embeddable":true,"href":"https:\/\/bambolear.com.br\/en\/wp-json\/wp\/v2\/media\/10927"}],"wp:attachment":[{"href":"https:\/\/bambolear.com.br\/en\/wp-json\/wp\/v2\/media?parent=10931"}],"wp:term":[{"taxonomy":"product_brand","embeddable":true,"href":"https:\/\/bambolear.com.br\/en\/wp-json\/wp\/v2\/product_brand?post=10931"},{"taxonomy":"product_cat","embeddable":true,"href":"https:\/\/bambolear.com.br\/en\/wp-json\/wp\/v2\/product_cat?post=10931"},{"taxonomy":"product_tag","embeddable":true,"href":"https:\/\/bambolear.com.br\/en\/wp-json\/wp\/v2\/product_tag?post=10931"}],"curies":[{"name":"wp","href":"https:\/\/api.w.org\/{rel}","templated":true}]}}