{"id":10918,"date":"2022-06-23T21:22:03","date_gmt":"2022-06-23T21:22:03","guid":{"rendered":"https:\/\/bambolear.com.br\/?post_type=product&#038;p=10918"},"modified":"2025-09-30T11:56:47","modified_gmt":"2025-09-30T11:56:47","slug":"foto-arte-light-painting","status":"publish","type":"product","link":"https:\/\/bambolear.com.br\/en\/product\/foto-arte-light-painting\/","title":{"rendered":"Foto-arte light painting"},"content":{"rendered":"<p class=\"yiv3424277226\"><span class=\"yiv3424277226\"><b class=\"yiv3424277226\">Foto-arte light painting com logos, fotos, palavras ou imagens de sua escolha<\/b><\/span><\/p>\n<p class=\"yiv3424277226\"><span class=\"yiv3424277226\">Transforme sua marca, suas mem\u00f3rias ou sua homenagem em uma obra de arte atrav\u00e9s da fotografia light painting.<\/span><\/p>\n<p class=\"yiv3424277226\"><span class=\"yiv3424277226\">Apenas nos envie as imagens e defina os crit\u00e9rios, e n\u00f3s criamos para voc\u00ea. As imagens s\u00e3o entregues em arquivo JPG de alta qualidade e poder\u00e3o ser impressas, estampadas e\/ou emolduradas<br class=\"yiv3424277226\" \/><\/span><\/p>\n<p class=\"yiv3424277226\"><span class=\"yiv3424277226\">3 fotos por R$600,00<\/span><\/p>","protected":false},"excerpt":{"rendered":"<p>Foto-arte light painting com logos, fotos, palavras ou imagens de sua escolha Transforme sua marca, suas mem\u00f3rias ou sua homenagem em uma obra de arte atrav\u00e9s da fotografia light painting. Apenas nos envie as imagens e defina os crit\u00e9rios, e n\u00f3s criamos para voc\u00ea. As imagens s\u00e3o entregues em arquivo JPG de alta qualidade e poder\u00e3o ser impressas, estampadas e\/ou emolduradas 3 fotos por R$600,00<\/p>","protected":false},"featured_media":10912,"comment_status":"open","ping_status":"closed","template":"","meta":[],"product_brand":[],"product_cat":[15],"product_tag":[],"class_list":{"0":"post-10918","1":"product","2":"type-product","3":"status-publish","4":"has-post-thumbnail","6":"product_cat-uncategorized","8":"first","9":"instock","10":"sale","11":"virtual","12":"purchasable","13":"product-type-simple"},"jetpack_sharing_enabled":true,"_links":{"self":[{"href":"https:\/\/bambolear.com.br\/en\/wp-json\/wp\/v2\/product\/10918","targetHints":{"allow":["GET"]}}],"collection":[{"href":"https:\/\/bambolear.com.br\/en\/wp-json\/wp\/v2\/product"}],"about":[{"href":"https:\/\/bambolear.com.br\/en\/wp-json\/wp\/v2\/types\/product"}],"replies":[{"embeddable":true,"href":"https:\/\/bambolear.com.br\/en\/wp-json\/wp\/v2\/comments?post=10918"}],"version-history":[{"count":1,"href":"https:\/\/bambolear.com.br\/en\/wp-json\/wp\/v2\/product\/10918\/revisions"}],"predecessor-version":[{"id":10919,"href":"https:\/\/bambolear.com.br\/en\/wp-json\/wp\/v2\/product\/10918\/revisions\/10919"}],"wp:featuredmedia":[{"embeddable":true,"href":"https:\/\/bambolear.com.br\/en\/wp-json\/wp\/v2\/media\/10912"}],"wp:attachment":[{"href":"https:\/\/bambolear.com.br\/en\/wp-json\/wp\/v2\/media?parent=10918"}],"wp:term":[{"taxonomy":"product_brand","embeddable":true,"href":"https:\/\/bambolear.com.br\/en\/wp-json\/wp\/v2\/product_brand?post=10918"},{"taxonomy":"product_cat","embeddable":true,"href":"https:\/\/bambolear.com.br\/en\/wp-json\/wp\/v2\/product_cat?post=10918"},{"taxonomy":"product_tag","embeddable":true,"href":"https:\/\/bambolear.com.br\/en\/wp-json\/wp\/v2\/product_tag?post=10918"}],"curies":[{"name":"wp","href":"https:\/\/api.w.org\/{rel}","templated":true}]}}