{"id":10915,"date":"2022-06-23T21:21:16","date_gmt":"2022-06-23T21:21:16","guid":{"rendered":"https:\/\/bambolear.com.br\/?post_type=product&#038;p=10915"},"modified":"2025-09-29T21:25:47","modified_gmt":"2025-09-29T21:25:47","slug":"video-performance-light-painting-2","status":"publish","type":"product","link":"https:\/\/bambolear.com.br\/en\/product\/video-performance-light-painting-2\/","title":{"rendered":"V\u00eddeo-performance light painting"},"content":{"rendered":"<p class=\"yiv3424277226\"><span class=\"yiv3424277226\"><b class=\"yiv3424277226\">V\u00eddeo-performance light painting para casamentos, anivers\u00e1rios ou ocasi\u00f5es especiais<\/b><\/span><\/p>\n<p class=\"yiv3424277226\"><span class=\"yiv3424277226\"><br class=\"yiv3424277226\" \/>Homenageie a pessoa querida ou eternize uma mem\u00f3ria de maneira criativa e emocionante. Veja suas lembran\u00e7as, fotos ou mensagens de afeto se transformarem em um v\u00eddeo-performance de at\u00e9 1 minuto, com hologramas din\u00e2micos que revelam sonhos, desejos, carinho e muito mais! Receba o v\u00eddeo em alta qualidade para divulgar como quiser<br class=\"yiv3424277226\" \/><br class=\"yiv3424277226\" \/>V\u00eddeos para feed, reels, tik Tok, Facebook ou YouTube.<\/span><\/p>\n<p class=\"yiv3424277226\"><span class=\"yiv3424277226\">1 v\u00eddeo de at\u00e9 1 minuto por R$900,00<\/span><\/p>","protected":false},"excerpt":{"rendered":"<p>V\u00eddeo-performance light painting para casamentos, anivers\u00e1rios ou ocasi\u00f5es especiais Homenageie a pessoa querida ou eternize uma mem\u00f3ria de maneira criativa e emocionante. Veja suas lembran\u00e7as, fotos ou mensagens de afeto se transformarem em um v\u00eddeo-performance de at\u00e9 1 minuto, com hologramas din\u00e2micos que revelam sonhos, desejos, carinho e muito mais! Receba o v\u00eddeo em alta qualidade para divulgar como quiserV\u00eddeos para feed, reels, tik Tok, Facebook ou YouTube. 1 v\u00eddeo de at\u00e9 1 minuto por R$900,00<\/p>","protected":false},"featured_media":10911,"comment_status":"open","ping_status":"closed","template":"","meta":[],"product_brand":[],"product_cat":[15],"product_tag":[],"class_list":{"0":"post-10915","1":"product","2":"type-product","3":"status-publish","4":"has-post-thumbnail","6":"product_cat-uncategorized","8":"first","9":"instock","10":"sale","11":"virtual","12":"purchasable","13":"product-type-simple"},"jetpack_sharing_enabled":true,"_links":{"self":[{"href":"https:\/\/bambolear.com.br\/en\/wp-json\/wp\/v2\/product\/10915","targetHints":{"allow":["GET"]}}],"collection":[{"href":"https:\/\/bambolear.com.br\/en\/wp-json\/wp\/v2\/product"}],"about":[{"href":"https:\/\/bambolear.com.br\/en\/wp-json\/wp\/v2\/types\/product"}],"replies":[{"embeddable":true,"href":"https:\/\/bambolear.com.br\/en\/wp-json\/wp\/v2\/comments?post=10915"}],"version-history":[{"count":1,"href":"https:\/\/bambolear.com.br\/en\/wp-json\/wp\/v2\/product\/10915\/revisions"}],"predecessor-version":[{"id":10916,"href":"https:\/\/bambolear.com.br\/en\/wp-json\/wp\/v2\/product\/10915\/revisions\/10916"}],"wp:featuredmedia":[{"embeddable":true,"href":"https:\/\/bambolear.com.br\/en\/wp-json\/wp\/v2\/media\/10911"}],"wp:attachment":[{"href":"https:\/\/bambolear.com.br\/en\/wp-json\/wp\/v2\/media?parent=10915"}],"wp:term":[{"taxonomy":"product_brand","embeddable":true,"href":"https:\/\/bambolear.com.br\/en\/wp-json\/wp\/v2\/product_brand?post=10915"},{"taxonomy":"product_cat","embeddable":true,"href":"https:\/\/bambolear.com.br\/en\/wp-json\/wp\/v2\/product_cat?post=10915"},{"taxonomy":"product_tag","embeddable":true,"href":"https:\/\/bambolear.com.br\/en\/wp-json\/wp\/v2\/product_tag?post=10915"}],"curies":[{"name":"wp","href":"https:\/\/api.w.org\/{rel}","templated":true}]}}