{"id":10909,"date":"2022-06-23T21:20:12","date_gmt":"2022-06-23T21:20:12","guid":{"rendered":"https:\/\/bambolear.com.br\/?post_type=product&#038;p=10909"},"modified":"2022-06-26T20:50:20","modified_gmt":"2022-06-26T20:50:20","slug":"video-performance-light-painting","status":"publish","type":"product","link":"https:\/\/bambolear.com.br\/en\/product\/video-performance-light-painting\/","title":{"rendered":"V\u00eddeo-performance light painting"},"content":{"rendered":"<p class=\"yiv3424277226\"><span class=\"yiv3424277226\"><b class=\"yiv3424277226\">V\u00eddeo-performance light painting com logos, fotos, palavras ou imagens de sua escolha<\/b><\/span><\/p>\n<p class=\"yiv3424277226\"><span class=\"yiv3424277226\">Promova sua marca ou homenageie a pessoa querida de maneira criativa e impactante. Receba um v\u00eddeo-performance<span class=\"yiv3424277226Apple-converted-space\">\u00a0 <\/span>de at\u00e9 1 minuto com artistas que transformam sua mensagem em hologramas din\u00e2micos. Encante as m\u00eddias e redes sociais e surpreenda seu p\u00fablico, com v\u00eddeos en\u00e9rgicos e emocionantes que ressignificam logos, fotos ou palavras, em imagens em movimento.<br class=\"yiv3424277226\" \/><br class=\"yiv3424277226\" \/>V\u00eddeos para feed, reels, Facebook ou YouTube.<\/span><\/p>\n<p class=\"yiv3424277226\"><span class=\"yiv3424277226\">1 v\u00eddeo de at\u00e9 1 minuto por 800,00<\/span><\/p>","protected":false},"excerpt":{"rendered":"<p>V\u00eddeo-performance light painting com logos, fotos, palavras ou imagens de sua escolha Promova sua marca ou homenageie a pessoa querida de maneira criativa e impactante. Receba um v\u00eddeo-performance\u00a0 de at\u00e9 1 minuto com artistas que transformam sua mensagem em hologramas din\u00e2micos. Encante as m\u00eddias e redes sociais e surpreenda seu p\u00fablico, com v\u00eddeos en\u00e9rgicos e emocionantes que ressignificam logos, fotos ou palavras, em imagens em movimento.V\u00eddeos para feed, reels, Facebook ou YouTube. 1 v\u00eddeo de at\u00e9 1 minuto por 800,00<\/p>","protected":false},"featured_media":10910,"comment_status":"open","ping_status":"closed","template":"","meta":[],"product_brand":[],"product_cat":[15],"product_tag":[],"class_list":{"0":"post-10909","1":"product","2":"type-product","3":"status-publish","4":"has-post-thumbnail","6":"product_cat-uncategorized","8":"first","9":"instock","10":"sale","11":"virtual","12":"purchasable","13":"product-type-simple"},"jetpack_sharing_enabled":true,"_links":{"self":[{"href":"https:\/\/bambolear.com.br\/en\/wp-json\/wp\/v2\/product\/10909","targetHints":{"allow":["GET"]}}],"collection":[{"href":"https:\/\/bambolear.com.br\/en\/wp-json\/wp\/v2\/product"}],"about":[{"href":"https:\/\/bambolear.com.br\/en\/wp-json\/wp\/v2\/types\/product"}],"replies":[{"embeddable":true,"href":"https:\/\/bambolear.com.br\/en\/wp-json\/wp\/v2\/comments?post=10909"}],"version-history":[{"count":2,"href":"https:\/\/bambolear.com.br\/en\/wp-json\/wp\/v2\/product\/10909\/revisions"}],"predecessor-version":[{"id":10940,"href":"https:\/\/bambolear.com.br\/en\/wp-json\/wp\/v2\/product\/10909\/revisions\/10940"}],"wp:featuredmedia":[{"embeddable":true,"href":"https:\/\/bambolear.com.br\/en\/wp-json\/wp\/v2\/media\/10910"}],"wp:attachment":[{"href":"https:\/\/bambolear.com.br\/en\/wp-json\/wp\/v2\/media?parent=10909"}],"wp:term":[{"taxonomy":"product_brand","embeddable":true,"href":"https:\/\/bambolear.com.br\/en\/wp-json\/wp\/v2\/product_brand?post=10909"},{"taxonomy":"product_cat","embeddable":true,"href":"https:\/\/bambolear.com.br\/en\/wp-json\/wp\/v2\/product_cat?post=10909"},{"taxonomy":"product_tag","embeddable":true,"href":"https:\/\/bambolear.com.br\/en\/wp-json\/wp\/v2\/product_tag?post=10909"}],"curies":[{"name":"wp","href":"https:\/\/api.w.org\/{rel}","templated":true}]}}