{"id":3460,"date":"2022-05-06T15:46:23","date_gmt":"2022-05-06T15:46:23","guid":{"rendered":"https:\/\/bambolear.com.br\/?page_id=3460"},"modified":"2022-06-23T01:50:10","modified_gmt":"2022-06-23T01:50:10","slug":"transcendencias-projeto-triskle","status":"publish","type":"page","link":"https:\/\/bambolear.com.br\/en\/transcendencias-projeto-triskle\/","title":{"rendered":"Transcend\u00eancias &#8211; Projeto Triskle"},"content":{"rendered":"<div data-elementor-type=\"wp-page\" data-elementor-id=\"3460\" class=\"elementor elementor-3460\">\n\t\t\t\t\t\t<section class=\"elementor-section elementor-top-section elementor-element elementor-element-39f544d elementor-section-full_width elementor-section-stretched elementor-section-height-default elementor-section-height-default wpr-particle-no wpr-jarallax-no wpr-parallax-no wpr-sticky-section-no wpr-equal-height-no\" data-id=\"39f544d\" data-element_type=\"section\" data-e-type=\"section\" data-settings=\"{&quot;stretch_section&quot;:&quot;section-stretched&quot;}\">\n\t\t\t\t\t\t<div class=\"elementor-container elementor-column-gap-no\">\n\t\t\t\t\t<div class=\"elementor-column elementor-col-100 elementor-top-column elementor-element elementor-element-27f083c\" data-id=\"27f083c\" data-element_type=\"column\" data-e-type=\"column\">\n\t\t\t<div class=\"elementor-widget-wrap elementor-element-populated\">\n\t\t\t\t\t\t<div class=\"elementor-element elementor-element-faa20b6 elementor-widget elementor-widget-video\" data-id=\"faa20b6\" data-element_type=\"widget\" data-e-type=\"widget\" data-settings=\"{&quot;youtube_url&quot;:&quot;https:\\\/\\\/youtu.be\\\/pdq1hThmJh4&quot;,&quot;video_type&quot;:&quot;youtube&quot;,&quot;controls&quot;:&quot;yes&quot;}\" data-widget_type=\"video.default\">\n\t\t\t\t<div class=\"elementor-widget-container\">\n\t\t\t\t\t\t\t<div class=\"elementor-wrapper elementor-open-inline\">\n\t\t\t<div class=\"elementor-video\"><\/div>\t\t<\/div>\n\t\t\t\t\t\t<\/div>\n\t\t\t\t<\/div>\n\t\t\t\t\t<\/div>\n\t\t<\/div>\n\t\t\t\t\t<\/div>\n\t\t<\/section>\n\t\t\t\t<section class=\"elementor-section elementor-top-section elementor-element elementor-element-b0f94e8 elementor-section-boxed elementor-section-height-default elementor-section-height-default wpr-particle-no wpr-jarallax-no wpr-parallax-no wpr-sticky-section-no wpr-equal-height-no\" data-id=\"b0f94e8\" data-element_type=\"section\" data-e-type=\"section\">\n\t\t\t\t\t\t<div class=\"elementor-container elementor-column-gap-default\">\n\t\t\t\t\t<div class=\"elementor-column elementor-col-100 elementor-top-column elementor-element elementor-element-c443839\" data-id=\"c443839\" data-element_type=\"column\" data-e-type=\"column\">\n\t\t\t<div class=\"elementor-widget-wrap elementor-element-populated\">\n\t\t\t\t\t\t<div class=\"elementor-element elementor-element-6a1a8b5 elementor-widget-divider--view-line elementor-widget elementor-widget-divider\" data-id=\"6a1a8b5\" data-element_type=\"widget\" data-e-type=\"widget\" data-widget_type=\"divider.default\">\n\t\t\t\t<div class=\"elementor-widget-container\">\n\t\t\t\t\t\t\t<div class=\"elementor-divider\">\n\t\t\t<span class=\"elementor-divider-separator\">\n\t\t\t\t\t\t<\/span>\n\t\t<\/div>\n\t\t\t\t\t\t<\/div>\n\t\t\t\t<\/div>\n\t\t\t\t\t<\/div>\n\t\t<\/div>\n\t\t\t\t\t<\/div>\n\t\t<\/section>\n\t\t\t\t<section class=\"elementor-section elementor-top-section elementor-element elementor-element-29c2226 elementor-section-boxed elementor-section-height-default elementor-section-height-default wpr-particle-no wpr-jarallax-no wpr-parallax-no wpr-sticky-section-no wpr-equal-height-no\" data-id=\"29c2226\" data-element_type=\"section\" data-e-type=\"section\" data-settings=\"{&quot;background_background&quot;:&quot;classic&quot;}\">\n\t\t\t\t\t\t<div class=\"elementor-container elementor-column-gap-default\">\n\t\t\t\t\t<div class=\"elementor-column elementor-col-50 elementor-top-column elementor-element elementor-element-2074051b\" data-id=\"2074051b\" data-element_type=\"column\" data-e-type=\"column\">\n\t\t\t<div class=\"elementor-widget-wrap elementor-element-populated\">\n\t\t\t\t\t\t<div class=\"elementor-element elementor-element-7f29c2bb elementor-widget elementor-widget-text-editor\" data-id=\"7f29c2bb\" data-element_type=\"widget\" data-e-type=\"widget\" data-widget_type=\"text-editor.default\">\n\t\t\t\t<div class=\"elementor-widget-container\">\n\t\t\t\t\t\t\t\t\t<h2 data-elementor-setting-key=\"title\" data-pen-placeholder=\"Digite aqui...\">TRANSCEND\u00caNCIAS<\/h2><div><p>Espet\u00e1culo circense que narra as jornadas de tr\u00eas for\u00e7as: a Curiosidade, a Coragem e a Virtude.\u00a0O elemento que rege o espet\u00e1culo \u00e9 o fogo, s\u00edmbolo da transforma\u00e7\u00e3o, da luz, dos grandes desafios e ritos.\u00a0<\/p><p>N\u00fameros circenses de alta voltagem po\u00e9tica e energ\u00e9tica, executados com grande virtuosismo, exploram os recursos e limites deste elemento que fascina, cria, nutre e destr\u00f3i.\u00a0 Atrav\u00e9s de jogos e desafios, cada \u201cfor\u00e7a\u201d vislumbra nas outras a complementaridade e encontra a possibilidade de transcend\u00eancia.<\/p><p>O espet\u00e1culo apresenta diversas modalidades de malabarismo, corda bamba, bambol\u00eas de fogo e led, exibidos em n\u00fameros de solos, duetos e conjuntos. A trilha de Alexandre Salom\u00e3o traz temas ancestrais dialogando com beats contempor\u00e2neos, propondo uma alquimia de elementos tamb\u00e9m atrav\u00e9s da m\u00fasica.<\/p><\/div><div>\u00a0<\/div>\t\t\t\t\t\t\t\t<\/div>\n\t\t\t\t<\/div>\n\t\t\t\t\t<\/div>\n\t\t<\/div>\n\t\t\t\t<div class=\"elementor-column elementor-col-50 elementor-top-column elementor-element elementor-element-8a75864\" data-id=\"8a75864\" data-element_type=\"column\" data-e-type=\"column\">\n\t\t\t<div class=\"elementor-widget-wrap elementor-element-populated\">\n\t\t\t\t\t\t<div class=\"elementor-element elementor-element-6904b4a6 elementor-widget elementor-widget-toggle\" data-id=\"6904b4a6\" data-element_type=\"widget\" data-e-type=\"widget\" data-widget_type=\"toggle.default\">\n\t\t\t\t<div class=\"elementor-widget-container\">\n\t\t\t\t\t\t\t<div class=\"elementor-toggle\">\n\t\t\t\t\t\t\t<div class=\"elementor-toggle-item\">\n\t\t\t\t\t<div id=\"elementor-tab-title-1761\" class=\"elementor-tab-title\" data-tab=\"1\" role=\"button\" aria-controls=\"elementor-tab-content-1761\" aria-expanded=\"false\">\n\t\t\t\t\t\t\t\t\t\t\t\t<span class=\"elementor-toggle-icon elementor-toggle-icon-left\" aria-hidden=\"true\">\n\t\t\t\t\t\t\t\t\t\t\t\t\t\t\t<span class=\"elementor-toggle-icon-closed\"><i class=\"fas fa-caret-right\"><\/i><\/span>\n\t\t\t\t\t\t\t\t<span class=\"elementor-toggle-icon-opened\"><i class=\"elementor-toggle-icon-opened fas fa-caret-up\"><\/i><\/span>\n\t\t\t\t\t\t\t\t\t\t\t\t\t<\/span>\n\t\t\t\t\t\t\t\t\t\t\t\t<a class=\"elementor-toggle-title\" tabindex=\"0\">Necessidades T\u00e9cnicas<\/a>\n\t\t\t\t\t<\/div>\n\n\t\t\t\t\t<div id=\"elementor-tab-content-1761\" class=\"elementor-tab-content elementor-clearfix\" data-tab=\"1\" role=\"region\" aria-labelledby=\"elementor-tab-title-1761\"><p><strong>Necessidades t\u00e9cnicas:\u00a0<\/strong><\/p><ul><li>\u00e1rea m\u00ednima de 8mx8m<\/li><li>piso reto, n\u00e3o inflam\u00e1vel<\/li><\/ul><p>\u00a0<\/p><p>Transporte: a\u00e9reo ou terrestre.<\/p><p>Peso total: 60 kg<\/p><p>Tempo de montagem:\u00a02h<\/p><div>Tempo de desmontagem: 30 min<\/div><\/div>\n\t\t\t\t<\/div>\n\t\t\t\t\t\t\t<div class=\"elementor-toggle-item\">\n\t\t\t\t\t<div id=\"elementor-tab-title-1762\" class=\"elementor-tab-title\" data-tab=\"2\" role=\"button\" aria-controls=\"elementor-tab-content-1762\" aria-expanded=\"false\">\n\t\t\t\t\t\t\t\t\t\t\t\t<span class=\"elementor-toggle-icon elementor-toggle-icon-left\" aria-hidden=\"true\">\n\t\t\t\t\t\t\t\t\t\t\t\t\t\t\t<span class=\"elementor-toggle-icon-closed\"><i class=\"fas fa-caret-right\"><\/i><\/span>\n\t\t\t\t\t\t\t\t<span class=\"elementor-toggle-icon-opened\"><i class=\"elementor-toggle-icon-opened fas fa-caret-up\"><\/i><\/span>\n\t\t\t\t\t\t\t\t\t\t\t\t\t<\/span>\n\t\t\t\t\t\t\t\t\t\t\t\t<a class=\"elementor-toggle-title\" tabindex=\"0\">Tempo de Dura\u00e7\u00e3o<\/a>\n\t\t\t\t\t<\/div>\n\n\t\t\t\t\t<div id=\"elementor-tab-content-1762\" class=\"elementor-tab-content elementor-clearfix\" data-tab=\"2\" role=\"region\" aria-labelledby=\"elementor-tab-title-1762\"><ul><li>40 min<\/li><\/ul><\/div>\n\t\t\t\t<\/div>\n\t\t\t\t\t\t\t<div class=\"elementor-toggle-item\">\n\t\t\t\t\t<div id=\"elementor-tab-title-1763\" class=\"elementor-tab-title\" data-tab=\"3\" role=\"button\" aria-controls=\"elementor-tab-content-1763\" aria-expanded=\"false\">\n\t\t\t\t\t\t\t\t\t\t\t\t<span class=\"elementor-toggle-icon elementor-toggle-icon-left\" aria-hidden=\"true\">\n\t\t\t\t\t\t\t\t\t\t\t\t\t\t\t<span class=\"elementor-toggle-icon-closed\"><i class=\"fas fa-caret-right\"><\/i><\/span>\n\t\t\t\t\t\t\t\t<span class=\"elementor-toggle-icon-opened\"><i class=\"elementor-toggle-icon-opened fas fa-caret-up\"><\/i><\/span>\n\t\t\t\t\t\t\t\t\t\t\t\t\t<\/span>\n\t\t\t\t\t\t\t\t\t\t\t\t<a class=\"elementor-toggle-title\" tabindex=\"0\">FICHA T\u00c9CNICA<\/a>\n\t\t\t\t\t<\/div>\n\n\t\t\t\t\t<div id=\"elementor-tab-content-1763\" class=\"elementor-tab-content elementor-clearfix\" data-tab=\"3\" role=\"region\" aria-labelledby=\"elementor-tab-title-1763\"><p><span style=\"font-weight: 400;\">Artistas-criadores: Barbara Francesquine, Gustavo Olitta e Alexandre Salom\u00e3o.<\/span><\/p><p><span style=\"font-weight: 400;\">Dire\u00e7\u00e3o geral: Barbara Francesquine<\/span><\/p><p><span style=\"font-weight: 400;\">Roteiro e Provoca\u00e7\u00e3o C\u00eanica: Anna Toledo<\/span><\/p><p><span style=\"font-weight: 400;\">Trilha Sonora: Alexandre Salom\u00e3o<\/span><\/p><p><span style=\"font-weight: 400;\">Figurino: Juliana Nunes<\/span><\/p><p><span style=\"font-weight: 400;\">Produ\u00e7\u00e3o: Gisele Tressi<\/span><\/p><\/div>\n\t\t\t\t<\/div>\n\t\t\t\t\t\t\t\t<\/div>\n\t\t\t\t\t\t<\/div>\n\t\t\t\t<\/div>\n\t\t\t\t\t<\/div>\n\t\t<\/div>\n\t\t\t\t\t<\/div>\n\t\t<\/section>\n\t\t\t\t<section class=\"elementor-section elementor-top-section elementor-element elementor-element-fa3968e elementor-section-boxed elementor-section-height-default elementor-section-height-default wpr-particle-no wpr-jarallax-no wpr-parallax-no wpr-sticky-section-no wpr-equal-height-no\" data-id=\"fa3968e\" data-element_type=\"section\" data-e-type=\"section\">\n\t\t\t\t\t\t<div class=\"elementor-container elementor-column-gap-default\">\n\t\t\t\t\t<div class=\"elementor-column elementor-col-50 elementor-top-column elementor-element elementor-element-91347f8\" data-id=\"91347f8\" data-element_type=\"column\" data-e-type=\"column\">\n\t\t\t<div class=\"elementor-widget-wrap elementor-element-populated\">\n\t\t\t\t\t\t<div class=\"elementor-element elementor-element-145929c elementor-widget elementor-widget-image\" data-id=\"145929c\" data-element_type=\"widget\" data-e-type=\"widget\" data-widget_type=\"image.default\">\n\t\t\t\t<div class=\"elementor-widget-container\">\n\t\t\t\t\t\t\t\t\t\t\t\t\t\t\t<img fetchpriority=\"high\" decoding=\"async\" width=\"800\" height=\"447\" src=\"https:\/\/bambolear.com.br\/wp-content\/uploads\/2022\/05\/Screen-Shot-2022-05-06-at-1.33.43-PM-1024x572.png\" class=\"attachment-large size-large wp-image-3554\" alt=\"\" srcset=\"https:\/\/bambolear.com.br\/wp-content\/uploads\/2022\/05\/Screen-Shot-2022-05-06-at-1.33.43-PM-1024x572.png 1024w, https:\/\/bambolear.com.br\/wp-content\/uploads\/2022\/05\/Screen-Shot-2022-05-06-at-1.33.43-PM-300x168.png 300w, https:\/\/bambolear.com.br\/wp-content\/uploads\/2022\/05\/Screen-Shot-2022-05-06-at-1.33.43-PM-768x429.png 768w, https:\/\/bambolear.com.br\/wp-content\/uploads\/2022\/05\/Screen-Shot-2022-05-06-at-1.33.43-PM-1536x858.png 1536w, https:\/\/bambolear.com.br\/wp-content\/uploads\/2022\/05\/Screen-Shot-2022-05-06-at-1.33.43-PM-2048x1144.png 2048w, https:\/\/bambolear.com.br\/wp-content\/uploads\/2022\/05\/Screen-Shot-2022-05-06-at-1.33.43-PM-600x335.png 600w\" sizes=\"(max-width: 800px) 100vw, 800px\" \/>\t\t\t\t\t\t\t\t\t\t\t\t\t\t\t<\/div>\n\t\t\t\t<\/div>\n\t\t\t\t<div class=\"elementor-element elementor-element-71bccd7 elementor-widget elementor-widget-image\" data-id=\"71bccd7\" data-element_type=\"widget\" data-e-type=\"widget\" data-widget_type=\"image.default\">\n\t\t\t\t<div class=\"elementor-widget-container\">\n\t\t\t\t\t\t\t\t\t\t\t\t\t\t\t<img decoding=\"async\" width=\"800\" height=\"532\" src=\"https:\/\/bambolear.com.br\/wp-content\/uploads\/2022\/05\/1-1-1024x681.jpg\" class=\"attachment-large size-large wp-image-3558\" alt=\"\" srcset=\"https:\/\/bambolear.com.br\/wp-content\/uploads\/2022\/05\/1-1-1024x681.jpg 1024w, https:\/\/bambolear.com.br\/wp-content\/uploads\/2022\/05\/1-1-300x200.jpg 300w, https:\/\/bambolear.com.br\/wp-content\/uploads\/2022\/05\/1-1-768x511.jpg 768w, https:\/\/bambolear.com.br\/wp-content\/uploads\/2022\/05\/1-1-600x399.jpg 600w, https:\/\/bambolear.com.br\/wp-content\/uploads\/2022\/05\/1-1.jpg 1200w\" sizes=\"(max-width: 800px) 100vw, 800px\" \/>\t\t\t\t\t\t\t\t\t\t\t\t\t\t\t<\/div>\n\t\t\t\t<\/div>\n\t\t\t\t\t<\/div>\n\t\t<\/div>\n\t\t\t\t<div class=\"elementor-column elementor-col-50 elementor-top-column elementor-element elementor-element-d95f423\" data-id=\"d95f423\" data-element_type=\"column\" data-e-type=\"column\">\n\t\t\t<div class=\"elementor-widget-wrap elementor-element-populated\">\n\t\t\t\t\t\t<div class=\"elementor-element elementor-element-d6e07ee elementor-widget elementor-widget-image\" data-id=\"d6e07ee\" data-element_type=\"widget\" data-e-type=\"widget\" data-widget_type=\"image.default\">\n\t\t\t\t<div class=\"elementor-widget-container\">\n\t\t\t\t\t\t\t\t\t\t\t\t\t\t\t<img decoding=\"async\" width=\"800\" height=\"488\" src=\"https:\/\/bambolear.com.br\/wp-content\/uploads\/2022\/05\/6-1024x625.jpg\" class=\"attachment-large size-large wp-image-3560\" alt=\"\" srcset=\"https:\/\/bambolear.com.br\/wp-content\/uploads\/2022\/05\/6-1024x625.jpg 1024w, https:\/\/bambolear.com.br\/wp-content\/uploads\/2022\/05\/6-300x183.jpg 300w, https:\/\/bambolear.com.br\/wp-content\/uploads\/2022\/05\/6-768x469.jpg 768w, https:\/\/bambolear.com.br\/wp-content\/uploads\/2022\/05\/6-1536x938.jpg 1536w, https:\/\/bambolear.com.br\/wp-content\/uploads\/2022\/05\/6-600x366.jpg 600w, https:\/\/bambolear.com.br\/wp-content\/uploads\/2022\/05\/6.jpg 2048w\" sizes=\"(max-width: 800px) 100vw, 800px\" \/>\t\t\t\t\t\t\t\t\t\t\t\t\t\t\t<\/div>\n\t\t\t\t<\/div>\n\t\t\t\t<div class=\"elementor-element elementor-element-ad2f42b elementor-widget elementor-widget-image\" data-id=\"ad2f42b\" data-element_type=\"widget\" data-e-type=\"widget\" data-widget_type=\"image.default\">\n\t\t\t\t<div class=\"elementor-widget-container\">\n\t\t\t\t\t\t\t\t\t\t\t\t\t\t\t<img loading=\"lazy\" decoding=\"async\" width=\"800\" height=\"451\" src=\"https:\/\/bambolear.com.br\/wp-content\/uploads\/2022\/05\/Screen-Shot-2021-08-02-at-3.01.00-PM-1024x577.png\" class=\"attachment-large size-large wp-image-3507\" alt=\"\" srcset=\"https:\/\/bambolear.com.br\/wp-content\/uploads\/2022\/05\/Screen-Shot-2021-08-02-at-3.01.00-PM-1024x577.png 1024w, https:\/\/bambolear.com.br\/wp-content\/uploads\/2022\/05\/Screen-Shot-2021-08-02-at-3.01.00-PM-300x169.png 300w, https:\/\/bambolear.com.br\/wp-content\/uploads\/2022\/05\/Screen-Shot-2021-08-02-at-3.01.00-PM-768x433.png 768w, https:\/\/bambolear.com.br\/wp-content\/uploads\/2022\/05\/Screen-Shot-2021-08-02-at-3.01.00-PM-600x338.png 600w, https:\/\/bambolear.com.br\/wp-content\/uploads\/2022\/05\/Screen-Shot-2021-08-02-at-3.01.00-PM.png 1363w\" sizes=\"(max-width: 800px) 100vw, 800px\" \/>\t\t\t\t\t\t\t\t\t\t\t\t\t\t\t<\/div>\n\t\t\t\t<\/div>\n\t\t\t\t\t<\/div>\n\t\t<\/div>\n\t\t\t\t\t<\/div>\n\t\t<\/section>\n\t\t\t\t<section class=\"elementor-section elementor-top-section elementor-element elementor-element-98f26b1 elementor-section-boxed elementor-section-height-default elementor-section-height-default wpr-particle-no wpr-jarallax-no wpr-parallax-no wpr-sticky-section-no wpr-equal-height-no\" data-id=\"98f26b1\" data-element_type=\"section\" data-e-type=\"section\">\n\t\t\t\t\t\t<div class=\"elementor-container elementor-column-gap-default\">\n\t\t\t\t\t<div class=\"elementor-column elementor-col-100 elementor-top-column elementor-element elementor-element-5291151\" data-id=\"5291151\" data-element_type=\"column\" data-e-type=\"column\">\n\t\t\t<div class=\"elementor-widget-wrap elementor-element-populated\">\n\t\t\t\t\t\t<div class=\"elementor-element elementor-element-28497fd elementor-widget elementor-widget-heading\" data-id=\"28497fd\" data-element_type=\"widget\" data-e-type=\"widget\" data-widget_type=\"heading.default\">\n\t\t\t\t<div class=\"elementor-widget-container\">\n\t\t\t\t\t<h2 class=\"elementor-heading-title elementor-size-default\">Estrutura corda-bamba<\/h2>\t\t\t\t<\/div>\n\t\t\t\t<\/div>\n\t\t\t\t<div class=\"elementor-element elementor-element-eeae5b8 elementor-widget elementor-widget-image\" data-id=\"eeae5b8\" data-element_type=\"widget\" data-e-type=\"widget\" data-widget_type=\"image.default\">\n\t\t\t\t<div class=\"elementor-widget-container\">\n\t\t\t\t\t\t\t\t\t\t\t\t\t\t\t<img loading=\"lazy\" decoding=\"async\" width=\"468\" height=\"282\" src=\"https:\/\/bambolear.com.br\/wp-content\/uploads\/2022\/06\/WhatsApp-Image-2022-05-06-at-13.55.58.jpeg\" class=\"attachment-large size-large wp-image-7605\" alt=\"\" srcset=\"https:\/\/bambolear.com.br\/wp-content\/uploads\/2022\/06\/WhatsApp-Image-2022-05-06-at-13.55.58.jpeg 468w, https:\/\/bambolear.com.br\/wp-content\/uploads\/2022\/06\/WhatsApp-Image-2022-05-06-at-13.55.58-300x181.jpeg 300w\" sizes=\"(max-width: 468px) 100vw, 468px\" \/>\t\t\t\t\t\t\t\t\t\t\t\t\t\t\t<\/div>\n\t\t\t\t<\/div>\n\t\t\t\t\t<\/div>\n\t\t<\/div>\n\t\t\t\t\t<\/div>\n\t\t<\/section>\n\t\t\t\t<section class=\"elementor-section elementor-top-section elementor-element elementor-element-2feb87ab elementor-section-boxed elementor-section-height-default elementor-section-height-default wpr-particle-no wpr-jarallax-no wpr-parallax-no wpr-sticky-section-no wpr-equal-height-no\" data-id=\"2feb87ab\" data-element_type=\"section\" data-e-type=\"section\">\n\t\t\t\t\t\t<div class=\"elementor-container elementor-column-gap-default\">\n\t\t\t\t\t<div class=\"elementor-column elementor-col-100 elementor-top-column elementor-element elementor-element-4902d0ea\" data-id=\"4902d0ea\" data-element_type=\"column\" data-e-type=\"column\">\n\t\t\t<div class=\"elementor-widget-wrap elementor-element-populated\">\n\t\t\t\t\t\t<div class=\"elementor-element elementor-element-5b1d7dca elementor-align-right elementor-mobile-align-center elementor-widget elementor-widget-button\" data-id=\"5b1d7dca\" data-element_type=\"widget\" data-e-type=\"widget\" data-widget_type=\"button.default\">\n\t\t\t\t<div class=\"elementor-widget-container\">\n\t\t\t\t\t\t\t\t\t<div class=\"elementor-button-wrapper\">\n\t\t\t\t\t<a class=\"elementor-button elementor-button-link elementor-size-sm\" href=\"https:\/\/bambolear.com.br\/espetaculos\/\">\n\t\t\t\t\t\t<span class=\"elementor-button-content-wrapper\">\n\t\t\t\t\t\t\t\t\t<span class=\"elementor-button-text\">VOLTAR<\/span>\n\t\t\t\t\t<\/span>\n\t\t\t\t\t<\/a>\n\t\t\t\t<\/div>\n\t\t\t\t\t\t\t\t<\/div>\n\t\t\t\t<\/div>\n\t\t\t\t\t<\/div>\n\t\t<\/div>\n\t\t\t\t\t<\/div>\n\t\t<\/section>\n\t\t\t\t<\/div>","protected":false},"excerpt":{"rendered":"<p>TRANSCEND\u00caNCIAS Espet\u00e1culo circense que narra as jornadas de tr\u00eas for\u00e7as: a Curiosidade, a Coragem e a Virtude.&nbsp;O elemento que rege o espet\u00e1culo \u00e9 o fogo, s\u00edmbolo da transforma\u00e7\u00e3o, da luz, dos grandes desafios e ritos.&nbsp; N\u00fameros circenses de alta voltagem po\u00e9tica e energ\u00e9tica, executados com grande virtuosismo, exploram os recursos e limites deste elemento que fascina, cria, nutre e destr\u00f3i.&nbsp; Atrav\u00e9s de jogos e desafios, cada \u201cfor\u00e7a\u201d vislumbra nas outras a complementaridade e encontra a possibilidade de transcend\u00eancia. O espet\u00e1culo apresenta diversas modalidades de malabarismo, corda bamba, bambol\u00eas de fogo e led, exibidos em n\u00fameros de solos, duetos e conjuntos. A trilha de Alexandre Salom\u00e3o traz temas ancestrais dialogando com beats contempor\u00e2neos, propondo uma alquimia de elementos tamb\u00e9m atrav\u00e9s da m\u00fasica. Necessidades T\u00e9cnicas Necessidades t\u00e9cnicas:&nbsp; \u00e1rea m\u00ednima de 8mx8m piso reto, n\u00e3o inflam\u00e1vel Transporte: a\u00e9reo ou terrestre. Peso total: 60 kg Tempo de montagem:&nbsp;2h Tempo de desmontagem: 30 min Tempo de Dura\u00e7\u00e3o 40 min FICHA T\u00c9CNICA Artistas-criadores: Barbara Francesquine, Gustavo Olitta e Alexandre Salom\u00e3o. Dire\u00e7\u00e3o geral: Barbara Francesquine Roteiro e Provoca\u00e7\u00e3o C\u00eanica: Anna Toledo Trilha Sonora: Alexandre Salom\u00e3o Figurino: Juliana Nunes Produ\u00e7\u00e3o: Gisele Tressi Estrutura corda-bamba VOLTAR<\/p>","protected":false},"author":1,"featured_media":0,"parent":0,"menu_order":0,"comment_status":"closed","ping_status":"closed","template":"elementor_header_footer","meta":{"footnotes":""},"class_list":["post-3460","page","type-page","status-publish","hentry"],"jetpack_sharing_enabled":true,"_links":{"self":[{"href":"https:\/\/bambolear.com.br\/en\/wp-json\/wp\/v2\/pages\/3460","targetHints":{"allow":["GET"]}}],"collection":[{"href":"https:\/\/bambolear.com.br\/en\/wp-json\/wp\/v2\/pages"}],"about":[{"href":"https:\/\/bambolear.com.br\/en\/wp-json\/wp\/v2\/types\/page"}],"author":[{"embeddable":true,"href":"https:\/\/bambolear.com.br\/en\/wp-json\/wp\/v2\/users\/1"}],"replies":[{"embeddable":true,"href":"https:\/\/bambolear.com.br\/en\/wp-json\/wp\/v2\/comments?post=3460"}],"version-history":[{"count":69,"href":"https:\/\/bambolear.com.br\/en\/wp-json\/wp\/v2\/pages\/3460\/revisions"}],"predecessor-version":[{"id":10877,"href":"https:\/\/bambolear.com.br\/en\/wp-json\/wp\/v2\/pages\/3460\/revisions\/10877"}],"wp:attachment":[{"href":"https:\/\/bambolear.com.br\/en\/wp-json\/wp\/v2\/media?parent=3460"}],"curies":[{"name":"wp","href":"https:\/\/api.w.org\/{rel}","templated":true}]}}