{"id":3223,"date":"2022-05-06T04:24:59","date_gmt":"2022-05-06T04:24:59","guid":{"rendered":"https:\/\/bambolear.com.br\/?page_id=3223"},"modified":"2022-06-22T02:44:25","modified_gmt":"2022-06-22T02:44:25","slug":"fio-de-fogo","status":"publish","type":"page","link":"https:\/\/bambolear.com.br\/en\/fio-de-fogo\/","title":{"rendered":"Fio de Fogo"},"content":{"rendered":"<div data-elementor-type=\"wp-page\" data-elementor-id=\"3223\" class=\"elementor elementor-3223\">\n\t\t\t\t\t\t<section class=\"elementor-section elementor-top-section elementor-element elementor-element-729d8f0e elementor-section-boxed elementor-section-height-default elementor-section-height-default wpr-particle-no wpr-jarallax-no wpr-parallax-no wpr-sticky-section-no wpr-equal-height-no\" data-id=\"729d8f0e\" data-element_type=\"section\" data-e-type=\"section\" data-settings=\"{&quot;background_background&quot;:&quot;classic&quot;}\">\n\t\t\t\t\t\t<div class=\"elementor-container elementor-column-gap-default\">\n\t\t\t\t\t<div class=\"elementor-column elementor-col-50 elementor-top-column elementor-element elementor-element-4c741d09\" data-id=\"4c741d09\" data-element_type=\"column\" data-e-type=\"column\">\n\t\t\t<div class=\"elementor-widget-wrap elementor-element-populated\">\n\t\t\t\t\t\t<div class=\"elementor-element elementor-element-38cf050e elementor-widget elementor-widget-text-editor\" data-id=\"38cf050e\" data-element_type=\"widget\" data-e-type=\"widget\" data-widget_type=\"text-editor.default\">\n\t\t\t\t<div class=\"elementor-widget-container\">\n\t\t\t\t\t\t\t\t\t<h2 data-elementor-setting-key=\"title\" data-pen-placeholder=\"Digite aqui...\">FIO DE FOGO<\/h2><div>Pocket show para rua, festivais e eventos, que inclui a manipula\u00e7\u00e3o de diferentes elementos com fogo: bambol\u00eas, saia, leques, corda, poi, al\u00e9m de efeitos especiais e truques cl\u00e1ssicos de engolir e passar no corpo<\/div><div>\u00a0<\/div>\t\t\t\t\t\t\t\t<\/div>\n\t\t\t\t<\/div>\n\t\t\t\t\t<\/div>\n\t\t<\/div>\n\t\t\t\t<div class=\"elementor-column elementor-col-50 elementor-top-column elementor-element elementor-element-2d344c35\" data-id=\"2d344c35\" data-element_type=\"column\" data-e-type=\"column\">\n\t\t\t<div class=\"elementor-widget-wrap elementor-element-populated\">\n\t\t\t\t\t\t<div class=\"elementor-element elementor-element-690a860e elementor-widget elementor-widget-toggle\" data-id=\"690a860e\" data-element_type=\"widget\" data-e-type=\"widget\" data-widget_type=\"toggle.default\">\n\t\t\t\t<div class=\"elementor-widget-container\">\n\t\t\t\t\t\t\t<div class=\"elementor-toggle\">\n\t\t\t\t\t\t\t<div class=\"elementor-toggle-item\">\n\t\t\t\t\t<div id=\"elementor-tab-title-1761\" class=\"elementor-tab-title\" data-tab=\"1\" role=\"button\" aria-controls=\"elementor-tab-content-1761\" aria-expanded=\"false\">\n\t\t\t\t\t\t\t\t\t\t\t\t<span class=\"elementor-toggle-icon elementor-toggle-icon-left\" aria-hidden=\"true\">\n\t\t\t\t\t\t\t\t\t\t\t\t\t\t\t<span class=\"elementor-toggle-icon-closed\"><i class=\"fas fa-caret-right\"><\/i><\/span>\n\t\t\t\t\t\t\t\t<span class=\"elementor-toggle-icon-opened\"><i class=\"elementor-toggle-icon-opened fas fa-caret-up\"><\/i><\/span>\n\t\t\t\t\t\t\t\t\t\t\t\t\t<\/span>\n\t\t\t\t\t\t\t\t\t\t\t\t<a class=\"elementor-toggle-title\" tabindex=\"0\">Necessidades T\u00e9cnicas<\/a>\n\t\t\t\t\t<\/div>\n\n\t\t\t\t\t<div id=\"elementor-tab-content-1761\" class=\"elementor-tab-content elementor-clearfix\" data-tab=\"1\" role=\"region\" aria-labelledby=\"elementor-tab-title-1761\"><ul><li>\u00e1rea m\u00ednima de 8mx6m<\/li><li>piso reto<\/li><li>caixa de som<\/li><\/ul><\/div>\n\t\t\t\t<\/div>\n\t\t\t\t\t\t\t<div class=\"elementor-toggle-item\">\n\t\t\t\t\t<div id=\"elementor-tab-title-1762\" class=\"elementor-tab-title\" data-tab=\"2\" role=\"button\" aria-controls=\"elementor-tab-content-1762\" aria-expanded=\"false\">\n\t\t\t\t\t\t\t\t\t\t\t\t<span class=\"elementor-toggle-icon elementor-toggle-icon-left\" aria-hidden=\"true\">\n\t\t\t\t\t\t\t\t\t\t\t\t\t\t\t<span class=\"elementor-toggle-icon-closed\"><i class=\"fas fa-caret-right\"><\/i><\/span>\n\t\t\t\t\t\t\t\t<span class=\"elementor-toggle-icon-opened\"><i class=\"elementor-toggle-icon-opened fas fa-caret-up\"><\/i><\/span>\n\t\t\t\t\t\t\t\t\t\t\t\t\t<\/span>\n\t\t\t\t\t\t\t\t\t\t\t\t<a class=\"elementor-toggle-title\" tabindex=\"0\">Tempo de Dura\u00e7\u00e3o<\/a>\n\t\t\t\t\t<\/div>\n\n\t\t\t\t\t<div id=\"elementor-tab-content-1762\" class=\"elementor-tab-content elementor-clearfix\" data-tab=\"2\" role=\"region\" aria-labelledby=\"elementor-tab-title-1762\"><ul><li>15 \u00c0 20 min<\/li><\/ul><\/div>\n\t\t\t\t<\/div>\n\t\t\t\t\t\t\t\t<\/div>\n\t\t\t\t\t\t<\/div>\n\t\t\t\t<\/div>\n\t\t\t\t\t<\/div>\n\t\t<\/div>\n\t\t\t\t\t<\/div>\n\t\t<\/section>\n\t\t\t\t<section class=\"elementor-section elementor-top-section elementor-element elementor-element-fa3968e elementor-section-boxed elementor-section-height-default elementor-section-height-default wpr-particle-no wpr-jarallax-no wpr-parallax-no wpr-sticky-section-no wpr-equal-height-no\" data-id=\"fa3968e\" data-element_type=\"section\" data-e-type=\"section\">\n\t\t\t\t\t\t<div class=\"elementor-container elementor-column-gap-default\">\n\t\t\t\t\t<div class=\"elementor-column elementor-col-50 elementor-top-column elementor-element elementor-element-91347f8\" data-id=\"91347f8\" data-element_type=\"column\" data-e-type=\"column\">\n\t\t\t<div class=\"elementor-widget-wrap elementor-element-populated\">\n\t\t\t\t\t\t<div class=\"elementor-element elementor-element-3e0fcb5 elementor-widget elementor-widget-html\" data-id=\"3e0fcb5\" data-element_type=\"widget\" data-e-type=\"widget\" data-widget_type=\"html.default\">\n\t\t\t\t<div class=\"elementor-widget-container\">\n\t\t\t\t\t<iframe src=\"https:\/\/www.facebook.com\/plugins\/video.php?height=314&href=https%3A%2F%2Fwww.facebook.com%2Fbarbara.francesquine.3%2Fvideos%2F10213795463018180%2F&show_text=false&width=560&t=0\" width=\"560\" height=\"314\" style=\"border:none;overflow:hidden\" scrolling=\"no\" frameborder=\"0\" allowfullscreen=\"true\" allow=\"autoplay; clipboard-write; encrypted-media; picture-in-picture; web-share\"><\/iframe>\t\t\t\t<\/div>\n\t\t\t\t<\/div>\n\t\t\t\t<div class=\"elementor-element elementor-element-145929c elementor-widget elementor-widget-image\" data-id=\"145929c\" data-element_type=\"widget\" data-e-type=\"widget\" data-widget_type=\"image.default\">\n\t\t\t\t<div class=\"elementor-widget-container\">\n\t\t\t\t\t\t\t\t\t\t\t\t\t\t\t<img fetchpriority=\"high\" decoding=\"async\" width=\"800\" height=\"530\" src=\"https:\/\/bambolear.com.br\/wp-content\/uploads\/2022\/05\/Screen-Shot-2022-05-06-at-1.31.48-AM-1024x679.png\" class=\"attachment-large size-large wp-image-3254\" alt=\"\" srcset=\"https:\/\/bambolear.com.br\/wp-content\/uploads\/2022\/05\/Screen-Shot-2022-05-06-at-1.31.48-AM-1024x679.png 1024w, https:\/\/bambolear.com.br\/wp-content\/uploads\/2022\/05\/Screen-Shot-2022-05-06-at-1.31.48-AM-300x199.png 300w, https:\/\/bambolear.com.br\/wp-content\/uploads\/2022\/05\/Screen-Shot-2022-05-06-at-1.31.48-AM-768x510.png 768w, https:\/\/bambolear.com.br\/wp-content\/uploads\/2022\/05\/Screen-Shot-2022-05-06-at-1.31.48-AM-600x398.png 600w, https:\/\/bambolear.com.br\/wp-content\/uploads\/2022\/05\/Screen-Shot-2022-05-06-at-1.31.48-AM.png 1034w\" sizes=\"(max-width: 800px) 100vw, 800px\" \/>\t\t\t\t\t\t\t\t\t\t\t\t\t\t\t<\/div>\n\t\t\t\t<\/div>\n\t\t\t\t\t<\/div>\n\t\t<\/div>\n\t\t\t\t<div class=\"elementor-column elementor-col-50 elementor-top-column elementor-element elementor-element-d95f423\" data-id=\"d95f423\" data-element_type=\"column\" data-e-type=\"column\">\n\t\t\t<div class=\"elementor-widget-wrap elementor-element-populated\">\n\t\t\t\t\t\t<div class=\"elementor-element elementor-element-d6e07ee elementor-widget elementor-widget-image\" data-id=\"d6e07ee\" data-element_type=\"widget\" data-e-type=\"widget\" data-widget_type=\"image.default\">\n\t\t\t\t<div class=\"elementor-widget-container\">\n\t\t\t\t\t\t\t\t\t\t\t\t\t\t\t<img decoding=\"async\" width=\"800\" height=\"533\" src=\"https:\/\/bambolear.com.br\/wp-content\/uploads\/2022\/05\/Screen-Shot-2022-05-06-at-1.24.07-AM-1024x682.png\" class=\"attachment-large size-large wp-image-3247\" alt=\"\" srcset=\"https:\/\/bambolear.com.br\/wp-content\/uploads\/2022\/05\/Screen-Shot-2022-05-06-at-1.24.07-AM-1024x682.png 1024w, https:\/\/bambolear.com.br\/wp-content\/uploads\/2022\/05\/Screen-Shot-2022-05-06-at-1.24.07-AM-300x200.png 300w, https:\/\/bambolear.com.br\/wp-content\/uploads\/2022\/05\/Screen-Shot-2022-05-06-at-1.24.07-AM-768x511.png 768w, https:\/\/bambolear.com.br\/wp-content\/uploads\/2022\/05\/Screen-Shot-2022-05-06-at-1.24.07-AM-1536x1023.png 1536w, https:\/\/bambolear.com.br\/wp-content\/uploads\/2022\/05\/Screen-Shot-2022-05-06-at-1.24.07-AM-600x400.png 600w, https:\/\/bambolear.com.br\/wp-content\/uploads\/2022\/05\/Screen-Shot-2022-05-06-at-1.24.07-AM.png 1826w\" sizes=\"(max-width: 800px) 100vw, 800px\" \/>\t\t\t\t\t\t\t\t\t\t\t\t\t\t\t<\/div>\n\t\t\t\t<\/div>\n\t\t\t\t<div class=\"elementor-element elementor-element-ad2f42b elementor-widget elementor-widget-image\" data-id=\"ad2f42b\" data-element_type=\"widget\" data-e-type=\"widget\" data-widget_type=\"image.default\">\n\t\t\t\t<div class=\"elementor-widget-container\">\n\t\t\t\t\t\t\t\t\t\t\t\t\t\t\t<img decoding=\"async\" width=\"800\" height=\"876\" src=\"https:\/\/bambolear.com.br\/wp-content\/uploads\/2022\/05\/Screen-Shot-2022-05-06-at-12.58.38-AM-935x1024.png\" class=\"attachment-large size-large wp-image-3249\" alt=\"\" srcset=\"https:\/\/bambolear.com.br\/wp-content\/uploads\/2022\/05\/Screen-Shot-2022-05-06-at-12.58.38-AM-935x1024.png 935w, https:\/\/bambolear.com.br\/wp-content\/uploads\/2022\/05\/Screen-Shot-2022-05-06-at-12.58.38-AM-274x300.png 274w, https:\/\/bambolear.com.br\/wp-content\/uploads\/2022\/05\/Screen-Shot-2022-05-06-at-12.58.38-AM-768x841.png 768w, https:\/\/bambolear.com.br\/wp-content\/uploads\/2022\/05\/Screen-Shot-2022-05-06-at-12.58.38-AM-600x657.png 600w, https:\/\/bambolear.com.br\/wp-content\/uploads\/2022\/05\/Screen-Shot-2022-05-06-at-12.58.38-AM.png 1072w\" sizes=\"(max-width: 800px) 100vw, 800px\" \/>\t\t\t\t\t\t\t\t\t\t\t\t\t\t\t<\/div>\n\t\t\t\t<\/div>\n\t\t\t\t\t<\/div>\n\t\t<\/div>\n\t\t\t\t\t<\/div>\n\t\t<\/section>\n\t\t\t\t<section class=\"elementor-section elementor-top-section elementor-element elementor-element-362e4c1c elementor-section-boxed elementor-section-height-default elementor-section-height-default wpr-particle-no wpr-jarallax-no wpr-parallax-no wpr-sticky-section-no wpr-equal-height-no\" data-id=\"362e4c1c\" data-element_type=\"section\" data-e-type=\"section\">\n\t\t\t\t\t\t<div class=\"elementor-container elementor-column-gap-default\">\n\t\t\t\t\t<div class=\"elementor-column elementor-col-100 elementor-top-column elementor-element elementor-element-4c40b7b9\" data-id=\"4c40b7b9\" data-element_type=\"column\" data-e-type=\"column\">\n\t\t\t<div class=\"elementor-widget-wrap elementor-element-populated\">\n\t\t\t\t\t\t<div class=\"elementor-element elementor-element-2773d23b elementor-align-right elementor-mobile-align-center elementor-widget elementor-widget-button\" data-id=\"2773d23b\" data-element_type=\"widget\" data-e-type=\"widget\" data-widget_type=\"button.default\">\n\t\t\t\t<div class=\"elementor-widget-container\">\n\t\t\t\t\t\t\t\t\t<div class=\"elementor-button-wrapper\">\n\t\t\t\t\t<a class=\"elementor-button elementor-button-link elementor-size-sm\" href=\"https:\/\/bambolear.com.br\/pocket-street-shows\/\">\n\t\t\t\t\t\t<span class=\"elementor-button-content-wrapper\">\n\t\t\t\t\t\t\t\t\t<span class=\"elementor-button-text\">VOLTAR<\/span>\n\t\t\t\t\t<\/span>\n\t\t\t\t\t<\/a>\n\t\t\t\t<\/div>\n\t\t\t\t\t\t\t\t<\/div>\n\t\t\t\t<\/div>\n\t\t\t\t\t<\/div>\n\t\t<\/div>\n\t\t\t\t\t<\/div>\n\t\t<\/section>\n\t\t\t\t<\/div>","protected":false},"excerpt":{"rendered":"<p>FIO DE FOGO Pocket show para rua, festivais e eventos, que inclui a manipula\u00e7\u00e3o de diferentes elementos com fogo: bambol\u00eas, saia, leques, corda, poi, al\u00e9m de efeitos especiais e truques cl\u00e1ssicos de engolir e passar no corpo&nbsp; Necessidades T\u00e9cnicas \u00e1rea m\u00ednima de 8mx6m piso reto caixa de som Tempo de Dura\u00e7\u00e3o 15 \u00c0 20 min VOLTAR<\/p>","protected":false},"author":1,"featured_media":0,"parent":0,"menu_order":0,"comment_status":"closed","ping_status":"closed","template":"elementor_header_footer","meta":{"footnotes":""},"class_list":["post-3223","page","type-page","status-publish","hentry"],"jetpack_sharing_enabled":true,"_links":{"self":[{"href":"https:\/\/bambolear.com.br\/en\/wp-json\/wp\/v2\/pages\/3223","targetHints":{"allow":["GET"]}}],"collection":[{"href":"https:\/\/bambolear.com.br\/en\/wp-json\/wp\/v2\/pages"}],"about":[{"href":"https:\/\/bambolear.com.br\/en\/wp-json\/wp\/v2\/types\/page"}],"author":[{"embeddable":true,"href":"https:\/\/bambolear.com.br\/en\/wp-json\/wp\/v2\/users\/1"}],"replies":[{"embeddable":true,"href":"https:\/\/bambolear.com.br\/en\/wp-json\/wp\/v2\/comments?post=3223"}],"version-history":[{"count":12,"href":"https:\/\/bambolear.com.br\/en\/wp-json\/wp\/v2\/pages\/3223\/revisions"}],"predecessor-version":[{"id":10795,"href":"https:\/\/bambolear.com.br\/en\/wp-json\/wp\/v2\/pages\/3223\/revisions\/10795"}],"wp:attachment":[{"href":"https:\/\/bambolear.com.br\/en\/wp-json\/wp\/v2\/media?parent=3223"}],"curies":[{"name":"wp","href":"https:\/\/api.w.org\/{rel}","templated":true}]}}