{"id":3120,"date":"2022-05-06T03:27:15","date_gmt":"2022-05-06T03:27:15","guid":{"rendered":"https:\/\/bambolear.com.br\/?page_id=3120"},"modified":"2022-06-22T02:26:25","modified_gmt":"2022-06-22T02:26:25","slug":"bamboles-ludicos-2","status":"publish","type":"page","link":"https:\/\/bambolear.com.br\/en\/bamboles-ludicos-2\/","title":{"rendered":"Bambol\u00eas L\u00fadicos"},"content":{"rendered":"<div data-elementor-type=\"wp-page\" data-elementor-id=\"3120\" class=\"elementor elementor-3120\">\n\t\t\t\t\t\t<section class=\"elementor-section elementor-top-section elementor-element elementor-element-34bdbcb elementor-section-full_width elementor-section-stretched elementor-section-height-default elementor-section-height-default wpr-particle-no wpr-jarallax-no wpr-parallax-no wpr-sticky-section-no wpr-equal-height-no\" data-id=\"34bdbcb\" data-element_type=\"section\" data-e-type=\"section\" data-settings=\"{&quot;stretch_section&quot;:&quot;section-stretched&quot;}\">\n\t\t\t\t\t\t<div class=\"elementor-container elementor-column-gap-no\">\n\t\t\t\t\t<div class=\"elementor-column elementor-col-100 elementor-top-column elementor-element elementor-element-8fa321d\" data-id=\"8fa321d\" data-element_type=\"column\" data-e-type=\"column\">\n\t\t\t<div class=\"elementor-widget-wrap elementor-element-populated\">\n\t\t\t\t\t\t<div class=\"elementor-element elementor-element-2f65bdb elementor-widget elementor-widget-video\" data-id=\"2f65bdb\" data-element_type=\"widget\" data-e-type=\"widget\" data-settings=\"{&quot;youtube_url&quot;:&quot;https:\\\/\\\/youtu.be\\\/gYN2ABRnatA&quot;,&quot;video_type&quot;:&quot;youtube&quot;,&quot;controls&quot;:&quot;yes&quot;}\" data-widget_type=\"video.default\">\n\t\t\t\t<div class=\"elementor-widget-container\">\n\t\t\t\t\t\t\t<div class=\"elementor-wrapper elementor-open-inline\">\n\t\t\t<div class=\"elementor-video\"><\/div>\t\t<\/div>\n\t\t\t\t\t\t<\/div>\n\t\t\t\t<\/div>\n\t\t\t\t\t<\/div>\n\t\t<\/div>\n\t\t\t\t\t<\/div>\n\t\t<\/section>\n\t\t\t\t<section class=\"elementor-section elementor-top-section elementor-element elementor-element-44ca497 elementor-section-boxed elementor-section-height-default elementor-section-height-default wpr-particle-no wpr-jarallax-no wpr-parallax-no wpr-sticky-section-no wpr-equal-height-no\" data-id=\"44ca497\" data-element_type=\"section\" data-e-type=\"section\">\n\t\t\t\t\t\t<div class=\"elementor-container elementor-column-gap-default\">\n\t\t\t\t\t<div class=\"elementor-column elementor-col-100 elementor-top-column elementor-element elementor-element-bc27364\" data-id=\"bc27364\" data-element_type=\"column\" data-e-type=\"column\">\n\t\t\t<div class=\"elementor-widget-wrap elementor-element-populated\">\n\t\t\t\t\t\t<div class=\"elementor-element elementor-element-f513d5d elementor-widget-divider--view-line elementor-widget elementor-widget-divider\" data-id=\"f513d5d\" data-element_type=\"widget\" data-e-type=\"widget\" data-widget_type=\"divider.default\">\n\t\t\t\t<div class=\"elementor-widget-container\">\n\t\t\t\t\t\t\t<div class=\"elementor-divider\">\n\t\t\t<span class=\"elementor-divider-separator\">\n\t\t\t\t\t\t<\/span>\n\t\t<\/div>\n\t\t\t\t\t\t<\/div>\n\t\t\t\t<\/div>\n\t\t\t\t\t<\/div>\n\t\t<\/div>\n\t\t\t\t\t<\/div>\n\t\t<\/section>\n\t\t\t\t<section class=\"elementor-section elementor-top-section elementor-element elementor-element-5aa3f40d elementor-section-boxed elementor-section-height-default elementor-section-height-default wpr-particle-no wpr-jarallax-no wpr-parallax-no wpr-sticky-section-no wpr-equal-height-no\" data-id=\"5aa3f40d\" data-element_type=\"section\" data-e-type=\"section\" data-settings=\"{&quot;background_background&quot;:&quot;classic&quot;}\">\n\t\t\t\t\t\t<div class=\"elementor-container elementor-column-gap-default\">\n\t\t\t\t\t<div class=\"elementor-column elementor-col-50 elementor-top-column elementor-element elementor-element-7e0a720\" data-id=\"7e0a720\" data-element_type=\"column\" data-e-type=\"column\">\n\t\t\t<div class=\"elementor-widget-wrap elementor-element-populated\">\n\t\t\t\t\t\t<div class=\"elementor-element elementor-element-3674929d elementor-widget elementor-widget-text-editor\" data-id=\"3674929d\" data-element_type=\"widget\" data-e-type=\"widget\" data-widget_type=\"text-editor.default\">\n\t\t\t\t<div class=\"elementor-widget-container\">\n\t\t\t\t\t\t\t\t\t<h2 data-elementor-setting-key=\"title\" data-pen-placeholder=\"Digite aqui...\">BAMBOL\u00caS L\u00daDICOS<\/h2><div>Pocket show interativo para rua, eventos ou teatro. Brinca com as diversas possibilidades de composi\u00e7\u00f5es e formas com bambol\u00eas de diferentes tamanhos, que se transformam e se ressignificam a cada montagem. Uma performance descontra\u00edda que joga com mist\u00e9rio, brincadeiras e virtuose<\/div><div>\u00a0<\/div>\t\t\t\t\t\t\t\t<\/div>\n\t\t\t\t<\/div>\n\t\t\t\t\t<\/div>\n\t\t<\/div>\n\t\t\t\t<div class=\"elementor-column elementor-col-50 elementor-top-column elementor-element elementor-element-6ab758ec\" data-id=\"6ab758ec\" data-element_type=\"column\" data-e-type=\"column\">\n\t\t\t<div class=\"elementor-widget-wrap elementor-element-populated\">\n\t\t\t\t\t\t<div class=\"elementor-element elementor-element-14c5323 elementor-widget elementor-widget-toggle\" data-id=\"14c5323\" data-element_type=\"widget\" data-e-type=\"widget\" data-widget_type=\"toggle.default\">\n\t\t\t\t<div class=\"elementor-widget-container\">\n\t\t\t\t\t\t\t<div class=\"elementor-toggle\">\n\t\t\t\t\t\t\t<div class=\"elementor-toggle-item\">\n\t\t\t\t\t<div id=\"elementor-tab-title-2171\" class=\"elementor-tab-title\" data-tab=\"1\" role=\"button\" aria-controls=\"elementor-tab-content-2171\" aria-expanded=\"false\">\n\t\t\t\t\t\t\t\t\t\t\t\t<span class=\"elementor-toggle-icon elementor-toggle-icon-left\" aria-hidden=\"true\">\n\t\t\t\t\t\t\t\t\t\t\t\t\t\t\t<span class=\"elementor-toggle-icon-closed\"><i class=\"fas fa-caret-right\"><\/i><\/span>\n\t\t\t\t\t\t\t\t<span class=\"elementor-toggle-icon-opened\"><i class=\"elementor-toggle-icon-opened fas fa-caret-up\"><\/i><\/span>\n\t\t\t\t\t\t\t\t\t\t\t\t\t<\/span>\n\t\t\t\t\t\t\t\t\t\t\t\t<a class=\"elementor-toggle-title\" tabindex=\"0\">Necessidades T\u00e9cnicas<\/a>\n\t\t\t\t\t<\/div>\n\n\t\t\t\t\t<div id=\"elementor-tab-content-2171\" class=\"elementor-tab-content elementor-clearfix\" data-tab=\"1\" role=\"region\" aria-labelledby=\"elementor-tab-title-2171\"><ul><li>\u00e1rea m\u00ednima de 8mx6m<\/li><li>piso reto<\/li><li>caixa de som<\/li><\/ul><\/div>\n\t\t\t\t<\/div>\n\t\t\t\t\t\t\t<div class=\"elementor-toggle-item\">\n\t\t\t\t\t<div id=\"elementor-tab-title-2172\" class=\"elementor-tab-title\" data-tab=\"2\" role=\"button\" aria-controls=\"elementor-tab-content-2172\" aria-expanded=\"false\">\n\t\t\t\t\t\t\t\t\t\t\t\t<span class=\"elementor-toggle-icon elementor-toggle-icon-left\" aria-hidden=\"true\">\n\t\t\t\t\t\t\t\t\t\t\t\t\t\t\t<span class=\"elementor-toggle-icon-closed\"><i class=\"fas fa-caret-right\"><\/i><\/span>\n\t\t\t\t\t\t\t\t<span class=\"elementor-toggle-icon-opened\"><i class=\"elementor-toggle-icon-opened fas fa-caret-up\"><\/i><\/span>\n\t\t\t\t\t\t\t\t\t\t\t\t\t<\/span>\n\t\t\t\t\t\t\t\t\t\t\t\t<a class=\"elementor-toggle-title\" tabindex=\"0\">Tempo de Dura\u00e7\u00e3o<\/a>\n\t\t\t\t\t<\/div>\n\n\t\t\t\t\t<div id=\"elementor-tab-content-2172\" class=\"elementor-tab-content elementor-clearfix\" data-tab=\"2\" role=\"region\" aria-labelledby=\"elementor-tab-title-2172\"><ul><li>15 \u00e0 20 min<\/li><\/ul><\/div>\n\t\t\t\t<\/div>\n\t\t\t\t\t\t\t\t<\/div>\n\t\t\t\t\t\t<\/div>\n\t\t\t\t<\/div>\n\t\t\t\t\t<\/div>\n\t\t<\/div>\n\t\t\t\t\t<\/div>\n\t\t<\/section>\n\t\t\t\t<section class=\"elementor-section elementor-top-section elementor-element elementor-element-fa3968e elementor-section-boxed elementor-section-height-default elementor-section-height-default wpr-particle-no wpr-jarallax-no wpr-parallax-no wpr-sticky-section-no wpr-equal-height-no\" data-id=\"fa3968e\" data-element_type=\"section\" data-e-type=\"section\">\n\t\t\t\t\t\t<div class=\"elementor-container elementor-column-gap-default\">\n\t\t\t\t\t<div class=\"elementor-column elementor-col-50 elementor-top-column elementor-element elementor-element-91347f8\" data-id=\"91347f8\" data-element_type=\"column\" data-e-type=\"column\">\n\t\t\t<div class=\"elementor-widget-wrap elementor-element-populated\">\n\t\t\t\t\t\t<div class=\"elementor-element elementor-element-145929c elementor-widget elementor-widget-image\" data-id=\"145929c\" data-element_type=\"widget\" data-e-type=\"widget\" data-widget_type=\"image.default\">\n\t\t\t\t<div class=\"elementor-widget-container\">\n\t\t\t\t\t\t\t\t\t\t\t\t\t\t\t<img fetchpriority=\"high\" decoding=\"async\" width=\"800\" height=\"523\" src=\"https:\/\/bambolear.com.br\/wp-content\/uploads\/2022\/05\/Screen-Shot-2022-05-03-at-12.43.11-PM-1024x669.png\" class=\"attachment-large size-large wp-image-966\" alt=\"\" srcset=\"https:\/\/bambolear.com.br\/wp-content\/uploads\/2022\/05\/Screen-Shot-2022-05-03-at-12.43.11-PM-1024x669.png 1024w, https:\/\/bambolear.com.br\/wp-content\/uploads\/2022\/05\/Screen-Shot-2022-05-03-at-12.43.11-PM-300x196.png 300w, https:\/\/bambolear.com.br\/wp-content\/uploads\/2022\/05\/Screen-Shot-2022-05-03-at-12.43.11-PM-768x502.png 768w, https:\/\/bambolear.com.br\/wp-content\/uploads\/2022\/05\/Screen-Shot-2022-05-03-at-12.43.11-PM-600x392.png 600w, https:\/\/bambolear.com.br\/wp-content\/uploads\/2022\/05\/Screen-Shot-2022-05-03-at-12.43.11-PM.png 1528w\" sizes=\"(max-width: 800px) 100vw, 800px\" \/>\t\t\t\t\t\t\t\t\t\t\t\t\t\t\t<\/div>\n\t\t\t\t<\/div>\n\t\t\t\t<div class=\"elementor-element elementor-element-de7e75b elementor-widget elementor-widget-image\" data-id=\"de7e75b\" data-element_type=\"widget\" data-e-type=\"widget\" data-widget_type=\"image.default\">\n\t\t\t\t<div class=\"elementor-widget-container\">\n\t\t\t\t\t\t\t\t\t\t\t\t\t\t\t<img decoding=\"async\" width=\"800\" height=\"485\" src=\"https:\/\/bambolear.com.br\/wp-content\/uploads\/2022\/05\/Screen-Shot-2022-05-06-at-12.40.48-AM-1024x621.png\" class=\"attachment-large size-large wp-image-3146\" alt=\"\" srcset=\"https:\/\/bambolear.com.br\/wp-content\/uploads\/2022\/05\/Screen-Shot-2022-05-06-at-12.40.48-AM-1024x621.png 1024w, https:\/\/bambolear.com.br\/wp-content\/uploads\/2022\/05\/Screen-Shot-2022-05-06-at-12.40.48-AM-300x182.png 300w, https:\/\/bambolear.com.br\/wp-content\/uploads\/2022\/05\/Screen-Shot-2022-05-06-at-12.40.48-AM-768x466.png 768w, https:\/\/bambolear.com.br\/wp-content\/uploads\/2022\/05\/Screen-Shot-2022-05-06-at-12.40.48-AM-1536x931.png 1536w, https:\/\/bambolear.com.br\/wp-content\/uploads\/2022\/05\/Screen-Shot-2022-05-06-at-12.40.48-AM-600x364.png 600w, https:\/\/bambolear.com.br\/wp-content\/uploads\/2022\/05\/Screen-Shot-2022-05-06-at-12.40.48-AM.png 1636w\" sizes=\"(max-width: 800px) 100vw, 800px\" \/>\t\t\t\t\t\t\t\t\t\t\t\t\t\t\t<\/div>\n\t\t\t\t<\/div>\n\t\t\t\t\t<\/div>\n\t\t<\/div>\n\t\t\t\t<div class=\"elementor-column elementor-col-50 elementor-top-column elementor-element elementor-element-d95f423\" data-id=\"d95f423\" data-element_type=\"column\" data-e-type=\"column\">\n\t\t\t<div class=\"elementor-widget-wrap elementor-element-populated\">\n\t\t\t\t\t\t<div class=\"elementor-element elementor-element-d6e07ee elementor-widget elementor-widget-image\" data-id=\"d6e07ee\" data-element_type=\"widget\" data-e-type=\"widget\" data-widget_type=\"image.default\">\n\t\t\t\t<div class=\"elementor-widget-container\">\n\t\t\t\t\t\t\t\t\t\t\t\t\t\t\t<img decoding=\"async\" width=\"800\" height=\"633\" src=\"https:\/\/bambolear.com.br\/wp-content\/uploads\/2022\/05\/Screen-Shot-2022-05-06-at-12.39.38-AM-1024x810.png\" class=\"attachment-large size-large wp-image-3144\" alt=\"\" srcset=\"https:\/\/bambolear.com.br\/wp-content\/uploads\/2022\/05\/Screen-Shot-2022-05-06-at-12.39.38-AM-1024x810.png 1024w, https:\/\/bambolear.com.br\/wp-content\/uploads\/2022\/05\/Screen-Shot-2022-05-06-at-12.39.38-AM-300x237.png 300w, https:\/\/bambolear.com.br\/wp-content\/uploads\/2022\/05\/Screen-Shot-2022-05-06-at-12.39.38-AM-768x607.png 768w, https:\/\/bambolear.com.br\/wp-content\/uploads\/2022\/05\/Screen-Shot-2022-05-06-at-12.39.38-AM-1536x1215.png 1536w, https:\/\/bambolear.com.br\/wp-content\/uploads\/2022\/05\/Screen-Shot-2022-05-06-at-12.39.38-AM-600x475.png 600w, https:\/\/bambolear.com.br\/wp-content\/uploads\/2022\/05\/Screen-Shot-2022-05-06-at-12.39.38-AM.png 1550w\" sizes=\"(max-width: 800px) 100vw, 800px\" \/>\t\t\t\t\t\t\t\t\t\t\t\t\t\t\t<\/div>\n\t\t\t\t<\/div>\n\t\t\t\t<div class=\"elementor-element elementor-element-ad2f42b elementor-widget elementor-widget-image\" data-id=\"ad2f42b\" data-element_type=\"widget\" data-e-type=\"widget\" data-widget_type=\"image.default\">\n\t\t\t\t<div class=\"elementor-widget-container\">\n\t\t\t\t\t\t\t\t\t\t\t\t\t\t\t<img loading=\"lazy\" decoding=\"async\" width=\"800\" height=\"450\" src=\"https:\/\/bambolear.com.br\/wp-content\/uploads\/2022\/06\/DSC03895-1024x576.jpg\" class=\"attachment-large size-large wp-image-9360\" alt=\"\" srcset=\"https:\/\/bambolear.com.br\/wp-content\/uploads\/2022\/06\/DSC03895-1024x576.jpg 1024w, https:\/\/bambolear.com.br\/wp-content\/uploads\/2022\/06\/DSC03895-300x169.jpg 300w, https:\/\/bambolear.com.br\/wp-content\/uploads\/2022\/06\/DSC03895-768x432.jpg 768w, https:\/\/bambolear.com.br\/wp-content\/uploads\/2022\/06\/DSC03895-1536x864.jpg 1536w, https:\/\/bambolear.com.br\/wp-content\/uploads\/2022\/06\/DSC03895-2048x1152.jpg 2048w, https:\/\/bambolear.com.br\/wp-content\/uploads\/2022\/06\/DSC03895-600x338.jpg 600w\" sizes=\"(max-width: 800px) 100vw, 800px\" \/>\t\t\t\t\t\t\t\t\t\t\t\t\t\t\t<\/div>\n\t\t\t\t<\/div>\n\t\t\t\t\t<\/div>\n\t\t<\/div>\n\t\t\t\t\t<\/div>\n\t\t<\/section>\n\t\t\t\t<section class=\"elementor-section elementor-top-section elementor-element elementor-element-3a6f3f8d elementor-section-boxed elementor-section-height-default elementor-section-height-default wpr-particle-no wpr-jarallax-no wpr-parallax-no wpr-sticky-section-no wpr-equal-height-no\" data-id=\"3a6f3f8d\" data-element_type=\"section\" data-e-type=\"section\">\n\t\t\t\t\t\t<div class=\"elementor-container elementor-column-gap-default\">\n\t\t\t\t\t<div class=\"elementor-column elementor-col-100 elementor-top-column elementor-element elementor-element-6be1a801\" data-id=\"6be1a801\" data-element_type=\"column\" data-e-type=\"column\">\n\t\t\t<div class=\"elementor-widget-wrap elementor-element-populated\">\n\t\t\t\t\t\t<div class=\"elementor-element elementor-element-8ae5b62 elementor-align-right elementor-mobile-align-center elementor-widget elementor-widget-button\" data-id=\"8ae5b62\" data-element_type=\"widget\" data-e-type=\"widget\" data-widget_type=\"button.default\">\n\t\t\t\t<div class=\"elementor-widget-container\">\n\t\t\t\t\t\t\t\t\t<div class=\"elementor-button-wrapper\">\n\t\t\t\t\t<a class=\"elementor-button elementor-button-link elementor-size-sm\" href=\"https:\/\/bambolear.com.br\/pocket-street-shows\/\">\n\t\t\t\t\t\t<span class=\"elementor-button-content-wrapper\">\n\t\t\t\t\t\t\t\t\t<span class=\"elementor-button-text\">VOLTAR<\/span>\n\t\t\t\t\t<\/span>\n\t\t\t\t\t<\/a>\n\t\t\t\t<\/div>\n\t\t\t\t\t\t\t\t<\/div>\n\t\t\t\t<\/div>\n\t\t\t\t\t<\/div>\n\t\t<\/div>\n\t\t\t\t\t<\/div>\n\t\t<\/section>\n\t\t\t\t<\/div>","protected":false},"excerpt":{"rendered":"<p>BAMBOL\u00caS L\u00daDICOS Pocket show interativo para rua, eventos ou teatro. Brinca com as diversas possibilidades de composi\u00e7\u00f5es e formas com bambol\u00eas de diferentes tamanhos, que se transformam e se ressignificam a cada montagem. Uma performance descontra\u00edda que joga com mist\u00e9rio, brincadeiras e virtuose&nbsp; Necessidades T\u00e9cnicas \u00e1rea m\u00ednima de 8mx6m piso reto caixa de som Tempo de Dura\u00e7\u00e3o 15 \u00e0 20 min VOLTAR<\/p>","protected":false},"author":1,"featured_media":0,"parent":0,"menu_order":0,"comment_status":"closed","ping_status":"closed","template":"elementor_header_footer","meta":{"footnotes":""},"class_list":["post-3120","page","type-page","status-publish","hentry"],"jetpack_sharing_enabled":true,"_links":{"self":[{"href":"https:\/\/bambolear.com.br\/en\/wp-json\/wp\/v2\/pages\/3120","targetHints":{"allow":["GET"]}}],"collection":[{"href":"https:\/\/bambolear.com.br\/en\/wp-json\/wp\/v2\/pages"}],"about":[{"href":"https:\/\/bambolear.com.br\/en\/wp-json\/wp\/v2\/types\/page"}],"author":[{"embeddable":true,"href":"https:\/\/bambolear.com.br\/en\/wp-json\/wp\/v2\/users\/1"}],"replies":[{"embeddable":true,"href":"https:\/\/bambolear.com.br\/en\/wp-json\/wp\/v2\/comments?post=3120"}],"version-history":[{"count":21,"href":"https:\/\/bambolear.com.br\/en\/wp-json\/wp\/v2\/pages\/3120\/revisions"}],"predecessor-version":[{"id":10757,"href":"https:\/\/bambolear.com.br\/en\/wp-json\/wp\/v2\/pages\/3120\/revisions\/10757"}],"wp:attachment":[{"href":"https:\/\/bambolear.com.br\/en\/wp-json\/wp\/v2\/media?parent=3120"}],"curies":[{"name":"wp","href":"https:\/\/api.w.org\/{rel}","templated":true}]}}