{"id":3053,"date":"2022-05-06T03:11:11","date_gmt":"2022-05-06T03:11:11","guid":{"rendered":"https:\/\/bambolear.com.br\/?page_id=3053"},"modified":"2022-06-23T01:48:25","modified_gmt":"2022-06-23T01:48:25","slug":"pocket-street-shows","status":"publish","type":"page","link":"https:\/\/bambolear.com.br\/en\/pocket-street-shows\/","title":{"rendered":"Pocket \/ Street Shows"},"content":{"rendered":"<div data-elementor-type=\"wp-page\" data-elementor-id=\"3053\" class=\"elementor elementor-3053\">\n\t\t\t\t\t\t<section class=\"elementor-section elementor-top-section elementor-element elementor-element-3233393 elementor-section-boxed elementor-section-height-default elementor-section-height-default wpr-particle-no wpr-jarallax-no wpr-parallax-no wpr-sticky-section-no wpr-equal-height-no\" data-id=\"3233393\" data-element_type=\"section\" data-e-type=\"section\" data-settings=\"{&quot;background_background&quot;:&quot;classic&quot;}\">\n\t\t\t\t\t\t<div class=\"elementor-container elementor-column-gap-default\">\n\t\t\t\t\t<div class=\"elementor-column elementor-col-33 elementor-top-column elementor-element elementor-element-18aee5c\" data-id=\"18aee5c\" data-element_type=\"column\" data-e-type=\"column\">\n\t\t\t<div class=\"elementor-widget-wrap elementor-element-populated\">\n\t\t\t\t\t\t<div class=\"elementor-element elementor-element-debcbc4 elementor-widget elementor-widget-heading\" data-id=\"debcbc4\" data-element_type=\"widget\" data-e-type=\"widget\" data-widget_type=\"heading.default\">\n\t\t\t\t<div class=\"elementor-widget-container\">\n\t\t\t\t\t<h2 class=\"elementor-heading-title elementor-size-default\">Pocket \/ Street Shows \/ PERFORMANCES\n<\/h2>\t\t\t\t<\/div>\n\t\t\t\t<\/div>\n\t\t\t\t<div class=\"elementor-element elementor-element-72a85ef elementor-widget elementor-widget-text-editor\" data-id=\"72a85ef\" data-element_type=\"widget\" data-e-type=\"widget\" data-widget_type=\"text-editor.default\">\n\t\t\t\t<div class=\"elementor-widget-container\">\n\t\t\t\t\t\t\t\t\t<p><br><\/p><p><br><\/p>\n<p><\/p>\n<p>Shows de rua, shows de curta dura\u00e7\u00e3o (para ruA, TEATRO OU ESPA\u00c7OS ALTERNATIVOS) E PERFORMANCES ITINERANTES E INTERATIVAS PARA FESTIVAIS E EVENTOS<\/p>\t\t\t\t\t\t\t\t<\/div>\n\t\t\t\t<\/div>\n\t\t\t\t\t<\/div>\n\t\t<\/div>\n\t\t\t\t<div class=\"elementor-column elementor-col-66 elementor-top-column elementor-element elementor-element-652763f\" data-id=\"652763f\" data-element_type=\"column\" data-e-type=\"column\">\n\t\t\t<div class=\"elementor-widget-wrap elementor-element-populated\">\n\t\t\t\t\t\t<div class=\"elementor-element elementor-element-1306e4b9 eael-fg-hoverer-content-align-center elementor-widget elementor-widget-eael-filterable-gallery\" data-id=\"1306e4b9\" data-element_type=\"widget\" data-e-type=\"widget\" data-settings=\"{&quot;photo_gallery&quot;:&quot;yes&quot;,&quot;pagination&quot;:&quot;false&quot;}\" data-widget_type=\"eael-filterable-gallery.default\">\n\t\t\t\t<div class=\"elementor-widget-container\">\n\t\t\t\t\t<style id=\"eael-fg-inline-css-1306e4b9\">@media only screen and (max-width: 2399px) {\n\t\t\t\t\t.elementor-element.elementor-element-1306e4b9 .eael-filterable-gallery-item-wrap {\n\t\t\t\t\t        width: 100%;\n\t\t\t\t\t    }\n\t\t\t\t\t}@media only screen and (max-width: 1024px) {\n\t\t\t\t\t.elementor-element.elementor-element-1306e4b9  .eael-filterable-gallery-item-wrap {\n\t\t\t\t\t        width: 50%;\n\t\t\t\t\t    }\n\t\t\t\t\t}@media only screen and (max-width: 767px) {\n\t\t\t\t\t.elementor-element.elementor-element-1306e4b9  .eael-filterable-gallery-item-wrap {\n\t\t\t\t\t        width: 100%;\n\t\t\t\t\t    }\n\t\t\t\t\t}<\/style>        <div id=\"eael-filter-gallery-wrapper-1306e4b9\" class=\"eael-filter-gallery-wrapper\" data-layout-mode=\"hoverer\" data-breakpoints=\"{&quot;mobile&quot;:{&quot;label&quot;:&quot;Mobile Portrait&quot;,&quot;value&quot;:767,&quot;default_value&quot;:767,&quot;direction&quot;:&quot;max&quot;,&quot;is_enabled&quot;:true},&quot;mobile_extra&quot;:{&quot;label&quot;:&quot;Mobile Landscape&quot;,&quot;value&quot;:880,&quot;default_value&quot;:880,&quot;direction&quot;:&quot;max&quot;,&quot;is_enabled&quot;:false},&quot;tablet&quot;:{&quot;label&quot;:&quot;Tablet Portrait&quot;,&quot;value&quot;:1024,&quot;default_value&quot;:1024,&quot;direction&quot;:&quot;max&quot;,&quot;is_enabled&quot;:true},&quot;tablet_extra&quot;:{&quot;label&quot;:&quot;Tablet Landscape&quot;,&quot;value&quot;:1200,&quot;default_value&quot;:1200,&quot;direction&quot;:&quot;max&quot;,&quot;is_enabled&quot;:false},&quot;laptop&quot;:{&quot;label&quot;:&quot;Laptop&quot;,&quot;value&quot;:1366,&quot;default_value&quot;:1366,&quot;direction&quot;:&quot;max&quot;,&quot;is_enabled&quot;:false},&quot;widescreen&quot;:{&quot;label&quot;:&quot;Widescreen&quot;,&quot;value&quot;:2400,&quot;default_value&quot;:2400,&quot;direction&quot;:&quot;min&quot;,&quot;is_enabled&quot;:false}}\" data-default_control_key=\"0\" data-custom_default_control=\"1\">\n                    <div class=\"eael-filter-gallery-container eael-filter-gallery-grid\" data-images-per-page=\"\" data-total-gallery-items=\"4\" data-nomore-item-text=\"\" data-is-randomize=\"no\" data-settings=\"{&quot;grid_style&quot;:&quot;grid&quot;,&quot;popup&quot;:&quot;buttons&quot;,&quot;duration&quot;:500,&quot;gallery_enabled&quot;:&quot;yes&quot;,&quot;video_gallery_yt_privacy&quot;:&quot;&quot;,&quot;control_all_text&quot;:null,&quot;mobile_scroll_to_top&quot;:&quot;&quot;,&quot;mobile_scroll_offset&quot;:0,&quot;post_id&quot;:3053,&quot;widget_id&quot;:&quot;1306e4b9&quot;}\" data-search-all=\"\" data-gallery-items=\"WyI8ZGl2IGNsYXNzPVwiZWFlbC1maWx0ZXJhYmxlLWdhbGxlcnktaXRlbS13cmFwXCI+XG5cdFx0XHRcdDxkaXYgY2xhc3M9XCJlYWVsLWdhbGxlcnktZ3JpZC1pdGVtXCI+PGEgaHJlZj1cImh0dHBzOlwvXC9iYW1ib2xlYXIuY29tLmJyXC9iYW1ib2xlcy1sdWRpY29zLTJcL1wiPjxkaXYgY2xhc3M9XCJnYWxsZXJ5LWl0ZW0tdGh1bWJuYWlsLXdyYXBcIj48aW1nIHdpZHRoPVwiMzAwXCIgaGVpZ2h0PVwiMTI5XCIgc3JjPVwiaHR0cHM6XC9cL2JhbWJvbGVhci5jb20uYnJcL3dwLWNvbnRlbnRcL3VwbG9hZHNcLzIwMjJcLzA2XC9EU0MwMzY4Ni1zY2FsZWQtZTE2NTQzODg1NTc2MzctMzAweDEyOS5qcGdcIiBjbGFzcz1cImF0dGFjaG1lbnQtbWVkaXVtIHNpemUtbWVkaXVtIHdwLWltYWdlLTk5MTNcIiBhbHQ9XCJcIiBzcmNzZXQ9XCJodHRwczpcL1wvYmFtYm9sZWFyLmNvbS5iclwvd3AtY29udGVudFwvdXBsb2Fkc1wvMjAyMlwvMDZcL0RTQzAzNjg2LXNjYWxlZC1lMTY1NDM4ODU1NzYzNy0zMDB4MTI5LmpwZyAzMDB3LCBodHRwczpcL1wvYmFtYm9sZWFyLmNvbS5iclwvd3AtY29udGVudFwvdXBsb2Fkc1wvMjAyMlwvMDZcL0RTQzAzNjg2LXNjYWxlZC1lMTY1NDM4ODU1NzYzNy0xMDI0eDQ0MC5qcGcgMTAyNHcsIGh0dHBzOlwvXC9iYW1ib2xlYXIuY29tLmJyXC93cC1jb250ZW50XC91cGxvYWRzXC8yMDIyXC8wNlwvRFNDMDM2ODYtc2NhbGVkLWUxNjU0Mzg4NTU3NjM3LTc2OHgzMzAuanBnIDc2OHcsIGh0dHBzOlwvXC9iYW1ib2xlYXIuY29tLmJyXC93cC1jb250ZW50XC91cGxvYWRzXC8yMDIyXC8wNlwvRFNDMDM2ODYtc2NhbGVkLWUxNjU0Mzg4NTU3NjM3LTE1MzZ4NjYwLmpwZyAxNTM2dywgaHR0cHM6XC9cL2JhbWJvbGVhci5jb20uYnJcL3dwLWNvbnRlbnRcL3VwbG9hZHNcLzIwMjJcLzA2XC9EU0MwMzY4Ni1zY2FsZWQtZTE2NTQzODg1NTc2MzctMjA0OHg4ODAuanBnIDIwNDh3LCBodHRwczpcL1wvYmFtYm9sZWFyLmNvbS5iclwvd3AtY29udGVudFwvdXBsb2Fkc1wvMjAyMlwvMDZcL0RTQzAzNjg2LXNjYWxlZC1lMTY1NDM4ODU1NzYzNy02MDB4MjU4LmpwZyA2MDB3XCIgc2l6ZXM9XCIobWF4LXdpZHRoOiAzMDBweCkgMTAwdncsIDMwMHB4XCIgXC8+PFwvZGl2PjxkaXYgY2xhc3M9XCJnYWxsZXJ5LWl0ZW0tY2FwdGlvbi13cmFwIGNhcHRpb24tc3R5bGUtaG92ZXJlciBlYWVsLXNsaWRlLXVwXCI+PGRpdiBjbGFzcz1cImdhbGxlcnktaXRlbS1ob3ZlcmVyLWJnXCI+PFwvZGl2PjxkaXYgY2xhc3M9XCJnYWxsZXJ5LWl0ZW0tY2FwdGlvbi1vdmVyXCI+PGgyIGNsYXNzPVwiZmctaXRlbS10aXRsZVwiPkJBTUJPTFx1MDBjYVMgTFx1MDBkYURJQ09TPFwvaDI+PFwvZGl2PjxcL2Rpdj48XC9hPjxcL2Rpdj48XC9kaXY+IiwiPGRpdiBjbGFzcz1cImVhZWwtZmlsdGVyYWJsZS1nYWxsZXJ5LWl0ZW0td3JhcFwiPlxuXHRcdFx0XHQ8ZGl2IGNsYXNzPVwiZWFlbC1nYWxsZXJ5LWdyaWQtaXRlbVwiPjxhIGhyZWY9XCJodHRwczpcL1wvYmFtYm9sZWFyLmNvbS5iclwvZGltZW5zb2VzLWUtdHJhbnNlXC9cIj48ZGl2IGNsYXNzPVwiZ2FsbGVyeS1pdGVtLXRodW1ibmFpbC13cmFwXCI+PGltZyB3aWR0aD1cIjMwMFwiIGhlaWdodD1cIjIxN1wiIHNyYz1cImh0dHBzOlwvXC9iYW1ib2xlYXIuY29tLmJyXC93cC1jb250ZW50XC91cGxvYWRzXC8yMDIyXC8wNVwvU2NyZWVuLVNob3QtMjAyMi0wNS0wMy1hdC0xLjM4LjM5LVBNLTMwMHgyMTcucG5nXCIgY2xhc3M9XCJhdHRhY2htZW50LW1lZGl1bSBzaXplLW1lZGl1bSB3cC1pbWFnZS05NjNcIiBhbHQ9XCJcIiBzcmNzZXQ9XCJodHRwczpcL1wvYmFtYm9sZWFyLmNvbS5iclwvd3AtY29udGVudFwvdXBsb2Fkc1wvMjAyMlwvMDVcL1NjcmVlbi1TaG90LTIwMjItMDUtMDMtYXQtMS4zOC4zOS1QTS0zMDB4MjE3LnBuZyAzMDB3LCBodHRwczpcL1wvYmFtYm9sZWFyLmNvbS5iclwvd3AtY29udGVudFwvdXBsb2Fkc1wvMjAyMlwvMDVcL1NjcmVlbi1TaG90LTIwMjItMDUtMDMtYXQtMS4zOC4zOS1QTS0xMDI0eDc0MS5wbmcgMTAyNHcsIGh0dHBzOlwvXC9iYW1ib2xlYXIuY29tLmJyXC93cC1jb250ZW50XC91cGxvYWRzXC8yMDIyXC8wNVwvU2NyZWVuLVNob3QtMjAyMi0wNS0wMy1hdC0xLjM4LjM5LVBNLTc2OHg1NTUucG5nIDc2OHcsIGh0dHBzOlwvXC9iYW1ib2xlYXIuY29tLmJyXC93cC1jb250ZW50XC91cGxvYWRzXC8yMDIyXC8wNVwvU2NyZWVuLVNob3QtMjAyMi0wNS0wMy1hdC0xLjM4LjM5LVBNLTYwMHg0MzQucG5nIDYwMHcsIGh0dHBzOlwvXC9iYW1ib2xlYXIuY29tLmJyXC93cC1jb250ZW50XC91cGxvYWRzXC8yMDIyXC8wNVwvU2NyZWVuLVNob3QtMjAyMi0wNS0wMy1hdC0xLjM4LjM5LVBNLnBuZyAxMTkyd1wiIHNpemVzPVwiKG1heC13aWR0aDogMzAwcHgpIDEwMHZ3LCAzMDBweFwiIFwvPjxcL2Rpdj48ZGl2IGNsYXNzPVwiZ2FsbGVyeS1pdGVtLWNhcHRpb24td3JhcCBjYXB0aW9uLXN0eWxlLWhvdmVyZXIgZWFlbC1zbGlkZS11cFwiPjxkaXYgY2xhc3M9XCJnYWxsZXJ5LWl0ZW0taG92ZXJlci1iZ1wiPjxcL2Rpdj48ZGl2IGNsYXNzPVwiZ2FsbGVyeS1pdGVtLWNhcHRpb24tb3ZlclwiPjxoMiBjbGFzcz1cImZnLWl0ZW0tdGl0bGVcIj5ESU1FTlNcdTAwZDVFUyBFIFRSQU5TRTxcL2gyPjxcL2Rpdj48XC9kaXY+PFwvYT48XC9kaXY+PFwvZGl2PiIsIjxkaXYgY2xhc3M9XCJlYWVsLWZpbHRlcmFibGUtZ2FsbGVyeS1pdGVtLXdyYXBcIj5cblx0XHRcdFx0PGRpdiBjbGFzcz1cImVhZWwtZ2FsbGVyeS1ncmlkLWl0ZW1cIj48YSBocmVmPVwiaHR0cHM6XC9cL2JhbWJvbGVhci5jb20uYnJcL2Zpby1kZS1mb2dvXC9cIj48ZGl2IGNsYXNzPVwiZ2FsbGVyeS1pdGVtLXRodW1ibmFpbC13cmFwXCI+PGltZyB3aWR0aD1cIjMwMFwiIGhlaWdodD1cIjIwMFwiIHNyYz1cImh0dHBzOlwvXC9iYW1ib2xlYXIuY29tLmJyXC93cC1jb250ZW50XC91cGxvYWRzXC8yMDIyXC8wNVwvMTgzNDE3MzNfMTQxMDkzNjA1MjI4MzYwN181NDc4ODk2NDYyNzcwMTEzODczX24tMzAweDIwMC5qcGdcIiBjbGFzcz1cImF0dGFjaG1lbnQtbWVkaXVtIHNpemUtbWVkaXVtIHdwLWltYWdlLTg2OFwiIGFsdD1cIlwiIHNyY3NldD1cImh0dHBzOlwvXC9iYW1ib2xlYXIuY29tLmJyXC93cC1jb250ZW50XC91cGxvYWRzXC8yMDIyXC8wNVwvMTgzNDE3MzNfMTQxMDkzNjA1MjI4MzYwN181NDc4ODk2NDYyNzcwMTEzODczX24tMzAweDIwMC5qcGcgMzAwdywgaHR0cHM6XC9cL2JhbWJvbGVhci5jb20uYnJcL3dwLWNvbnRlbnRcL3VwbG9hZHNcLzIwMjJcLzA1XC8xODM0MTczM18xNDEwOTM2MDUyMjgzNjA3XzU0Nzg4OTY0NjI3NzAxMTM4NzNfbi03Njh4NTEyLmpwZyA3Njh3LCBodHRwczpcL1wvYmFtYm9sZWFyLmNvbS5iclwvd3AtY29udGVudFwvdXBsb2Fkc1wvMjAyMlwvMDVcLzE4MzQxNzMzXzE0MTA5MzYwNTIyODM2MDdfNTQ3ODg5NjQ2Mjc3MDExMzg3M19uLTYwMHg0MDAuanBnIDYwMHcsIGh0dHBzOlwvXC9iYW1ib2xlYXIuY29tLmJyXC93cC1jb250ZW50XC91cGxvYWRzXC8yMDIyXC8wNVwvMTgzNDE3MzNfMTQxMDkzNjA1MjI4MzYwN181NDc4ODk2NDYyNzcwMTEzODczX24uanBnIDkwMHdcIiBzaXplcz1cIihtYXgtd2lkdGg6IDMwMHB4KSAxMDB2dywgMzAwcHhcIiBcLz48XC9kaXY+PGRpdiBjbGFzcz1cImdhbGxlcnktaXRlbS1jYXB0aW9uLXdyYXAgY2FwdGlvbi1zdHlsZS1ob3ZlcmVyIGVhZWwtc2xpZGUtdXBcIj48ZGl2IGNsYXNzPVwiZ2FsbGVyeS1pdGVtLWhvdmVyZXItYmdcIj48XC9kaXY+PGRpdiBjbGFzcz1cImdhbGxlcnktaXRlbS1jYXB0aW9uLW92ZXJcIj48aDIgY2xhc3M9XCJmZy1pdGVtLXRpdGxlXCI+RklPIERFIEZPR088XC9oMj48XC9kaXY+PFwvZGl2PjxcL2E+PFwvZGl2PjxcL2Rpdj4iLCI8ZGl2IGNsYXNzPVwiZWFlbC1maWx0ZXJhYmxlLWdhbGxlcnktaXRlbS13cmFwXCI+XG5cdFx0XHRcdDxkaXYgY2xhc3M9XCJlYWVsLWdhbGxlcnktZ3JpZC1pdGVtXCI+PGEgaHJlZj1cIiNcIj48ZGl2IGNsYXNzPVwiZ2FsbGVyeS1pdGVtLXRodW1ibmFpbC13cmFwXCI+PGltZyB3aWR0aD1cIjMwMFwiIGhlaWdodD1cIjIwMFwiIHNyYz1cImh0dHBzOlwvXC9iYW1ib2xlYXIuY29tLmJyXC93cC1jb250ZW50XC91cGxvYWRzXC8yMDIyXC8wNVwvMzU1MjE0NzZfMjA4NDM2NjAyNTE1NjM0Ml83MTM5MDEyNTYyNTg2MTczNDQwX28tMzAweDIwMC5qcGdcIiBjbGFzcz1cImF0dGFjaG1lbnQtbWVkaXVtIHNpemUtbWVkaXVtIHdwLWltYWdlLTg2OVwiIGFsdD1cIlwiIHNyY3NldD1cImh0dHBzOlwvXC9iYW1ib2xlYXIuY29tLmJyXC93cC1jb250ZW50XC91cGxvYWRzXC8yMDIyXC8wNVwvMzU1MjE0NzZfMjA4NDM2NjAyNTE1NjM0Ml83MTM5MDEyNTYyNTg2MTczNDQwX28tMzAweDIwMC5qcGcgMzAwdywgaHR0cHM6XC9cL2JhbWJvbGVhci5jb20uYnJcL3dwLWNvbnRlbnRcL3VwbG9hZHNcLzIwMjJcLzA1XC8zNTUyMTQ3Nl8yMDg0MzY2MDI1MTU2MzQyXzcxMzkwMTI1NjI1ODYxNzM0NDBfby0xMDI0eDY4My5qcGcgMTAyNHcsIGh0dHBzOlwvXC9iYW1ib2xlYXIuY29tLmJyXC93cC1jb250ZW50XC91cGxvYWRzXC8yMDIyXC8wNVwvMzU1MjE0NzZfMjA4NDM2NjAyNTE1NjM0Ml83MTM5MDEyNTYyNTg2MTczNDQwX28tNzY4eDUxMi5qcGcgNzY4dywgaHR0cHM6XC9cL2JhbWJvbGVhci5jb20uYnJcL3dwLWNvbnRlbnRcL3VwbG9hZHNcLzIwMjJcLzA1XC8zNTUyMTQ3Nl8yMDg0MzY2MDI1MTU2MzQyXzcxMzkwMTI1NjI1ODYxNzM0NDBfby0xNTM2eDEwMjQuanBnIDE1MzZ3LCBodHRwczpcL1wvYmFtYm9sZWFyLmNvbS5iclwvd3AtY29udGVudFwvdXBsb2Fkc1wvMjAyMlwvMDVcLzM1NTIxNDc2XzIwODQzNjYwMjUxNTYzNDJfNzEzOTAxMjU2MjU4NjE3MzQ0MF9vLTYwMHg0MDAuanBnIDYwMHcsIGh0dHBzOlwvXC9iYW1ib2xlYXIuY29tLmJyXC93cC1jb250ZW50XC91cGxvYWRzXC8yMDIyXC8wNVwvMzU1MjE0NzZfMjA4NDM2NjAyNTE1NjM0Ml83MTM5MDEyNTYyNTg2MTczNDQwX28uanBnIDIwNDh3XCIgc2l6ZXM9XCIobWF4LXdpZHRoOiAzMDBweCkgMTAwdncsIDMwMHB4XCIgXC8+PFwvZGl2PjxkaXYgY2xhc3M9XCJnYWxsZXJ5LWl0ZW0tY2FwdGlvbi13cmFwIGNhcHRpb24tc3R5bGUtaG92ZXJlciBlYWVsLXNsaWRlLXVwXCI+PGRpdiBjbGFzcz1cImdhbGxlcnktaXRlbS1ob3ZlcmVyLWJnXCI+PFwvZGl2PjxkaXYgY2xhc3M9XCJnYWxsZXJ5LWl0ZW0tY2FwdGlvbi1vdmVyXCI+PGgyIGNsYXNzPVwiZmctaXRlbS10aXRsZVwiPlZJREE8XC9oMj48XC9kaXY+PFwvZGl2PjxcL2E+PFwvZGl2PjxcL2Rpdj4iXQ==\" data-init-show=\"4\">\n            <div class=\"eael-filterable-gallery-item-wrap\">\n\t\t\t\t<div class=\"eael-gallery-grid-item\"><a href=\"https:\/\/bambolear.com.br\/bamboles-ludicos-2\/\"><div class=\"gallery-item-thumbnail-wrap\"><img decoding=\"async\" width=\"300\" height=\"129\" src=\"https:\/\/bambolear.com.br\/wp-content\/uploads\/2022\/06\/DSC03686-scaled-e1654388557637-300x129.jpg\" class=\"attachment-medium size-medium wp-image-9913\" alt=\"\" srcset=\"https:\/\/bambolear.com.br\/wp-content\/uploads\/2022\/06\/DSC03686-scaled-e1654388557637-300x129.jpg 300w, https:\/\/bambolear.com.br\/wp-content\/uploads\/2022\/06\/DSC03686-scaled-e1654388557637-1024x440.jpg 1024w, https:\/\/bambolear.com.br\/wp-content\/uploads\/2022\/06\/DSC03686-scaled-e1654388557637-768x330.jpg 768w, https:\/\/bambolear.com.br\/wp-content\/uploads\/2022\/06\/DSC03686-scaled-e1654388557637-1536x660.jpg 1536w, https:\/\/bambolear.com.br\/wp-content\/uploads\/2022\/06\/DSC03686-scaled-e1654388557637-2048x880.jpg 2048w, https:\/\/bambolear.com.br\/wp-content\/uploads\/2022\/06\/DSC03686-scaled-e1654388557637-600x258.jpg 600w\" sizes=\"(max-width: 300px) 100vw, 300px\" \/><\/div><div class=\"gallery-item-caption-wrap caption-style-hoverer eael-slide-up\"><div class=\"gallery-item-hoverer-bg\"><\/div><div class=\"gallery-item-caption-over\"><h2 class=\"fg-item-title\">BAMBOL\u00caS L\u00daDICOS<\/h2><\/div><\/div><\/a><\/div><\/div><div class=\"eael-filterable-gallery-item-wrap\">\n\t\t\t\t<div class=\"eael-gallery-grid-item\"><a href=\"https:\/\/bambolear.com.br\/dimensoes-e-transe\/\"><div class=\"gallery-item-thumbnail-wrap\"><img fetchpriority=\"high\" decoding=\"async\" width=\"300\" height=\"217\" src=\"https:\/\/bambolear.com.br\/wp-content\/uploads\/2022\/05\/Screen-Shot-2022-05-03-at-1.38.39-PM-300x217.png\" class=\"attachment-medium size-medium wp-image-963\" alt=\"\" srcset=\"https:\/\/bambolear.com.br\/wp-content\/uploads\/2022\/05\/Screen-Shot-2022-05-03-at-1.38.39-PM-300x217.png 300w, https:\/\/bambolear.com.br\/wp-content\/uploads\/2022\/05\/Screen-Shot-2022-05-03-at-1.38.39-PM-1024x741.png 1024w, https:\/\/bambolear.com.br\/wp-content\/uploads\/2022\/05\/Screen-Shot-2022-05-03-at-1.38.39-PM-768x555.png 768w, https:\/\/bambolear.com.br\/wp-content\/uploads\/2022\/05\/Screen-Shot-2022-05-03-at-1.38.39-PM-600x434.png 600w, https:\/\/bambolear.com.br\/wp-content\/uploads\/2022\/05\/Screen-Shot-2022-05-03-at-1.38.39-PM.png 1192w\" sizes=\"(max-width: 300px) 100vw, 300px\" \/><\/div><div class=\"gallery-item-caption-wrap caption-style-hoverer eael-slide-up\"><div class=\"gallery-item-hoverer-bg\"><\/div><div class=\"gallery-item-caption-over\"><h2 class=\"fg-item-title\">DIMENS\u00d5ES E TRANSE<\/h2><\/div><\/div><\/a><\/div><\/div><div class=\"eael-filterable-gallery-item-wrap\">\n\t\t\t\t<div class=\"eael-gallery-grid-item\"><a href=\"https:\/\/bambolear.com.br\/fio-de-fogo\/\"><div class=\"gallery-item-thumbnail-wrap\"><img decoding=\"async\" width=\"300\" height=\"200\" src=\"https:\/\/bambolear.com.br\/wp-content\/uploads\/2022\/05\/18341733_1410936052283607_5478896462770113873_n-300x200.jpg\" class=\"attachment-medium size-medium wp-image-868\" alt=\"\" srcset=\"https:\/\/bambolear.com.br\/wp-content\/uploads\/2022\/05\/18341733_1410936052283607_5478896462770113873_n-300x200.jpg 300w, https:\/\/bambolear.com.br\/wp-content\/uploads\/2022\/05\/18341733_1410936052283607_5478896462770113873_n-768x512.jpg 768w, https:\/\/bambolear.com.br\/wp-content\/uploads\/2022\/05\/18341733_1410936052283607_5478896462770113873_n-600x400.jpg 600w, https:\/\/bambolear.com.br\/wp-content\/uploads\/2022\/05\/18341733_1410936052283607_5478896462770113873_n.jpg 900w\" sizes=\"(max-width: 300px) 100vw, 300px\" \/><\/div><div class=\"gallery-item-caption-wrap caption-style-hoverer eael-slide-up\"><div class=\"gallery-item-hoverer-bg\"><\/div><div class=\"gallery-item-caption-over\"><h2 class=\"fg-item-title\">FIO DE FOGO<\/h2><\/div><\/div><\/a><\/div><\/div><div class=\"eael-filterable-gallery-item-wrap\">\n\t\t\t\t<div class=\"eael-gallery-grid-item\"><a href=\"#\"><div class=\"gallery-item-thumbnail-wrap\"><img loading=\"lazy\" decoding=\"async\" width=\"300\" height=\"200\" src=\"https:\/\/bambolear.com.br\/wp-content\/uploads\/2022\/05\/35521476_2084366025156342_7139012562586173440_o-300x200.jpg\" class=\"attachment-medium size-medium wp-image-869\" alt=\"\" srcset=\"https:\/\/bambolear.com.br\/wp-content\/uploads\/2022\/05\/35521476_2084366025156342_7139012562586173440_o-300x200.jpg 300w, https:\/\/bambolear.com.br\/wp-content\/uploads\/2022\/05\/35521476_2084366025156342_7139012562586173440_o-1024x683.jpg 1024w, https:\/\/bambolear.com.br\/wp-content\/uploads\/2022\/05\/35521476_2084366025156342_7139012562586173440_o-768x512.jpg 768w, https:\/\/bambolear.com.br\/wp-content\/uploads\/2022\/05\/35521476_2084366025156342_7139012562586173440_o-1536x1024.jpg 1536w, https:\/\/bambolear.com.br\/wp-content\/uploads\/2022\/05\/35521476_2084366025156342_7139012562586173440_o-600x400.jpg 600w, https:\/\/bambolear.com.br\/wp-content\/uploads\/2022\/05\/35521476_2084366025156342_7139012562586173440_o.jpg 2048w\" sizes=\"(max-width: 300px) 100vw, 300px\" \/><\/div><div class=\"gallery-item-caption-wrap caption-style-hoverer eael-slide-up\"><div class=\"gallery-item-hoverer-bg\"><\/div><div class=\"gallery-item-caption-over\"><h2 class=\"fg-item-title\">VIDA<\/h2><\/div><\/div><\/a><\/div><\/div>        <\/div>\n                <\/div>\n        \n        \t\t\t\t<\/div>\n\t\t\t\t<\/div>\n\t\t\t\t\t<\/div>\n\t\t<\/div>\n\t\t\t\t\t<\/div>\n\t\t<\/section>\n\t\t\t\t<section class=\"elementor-section elementor-top-section elementor-element elementor-element-6df85b27 elementor-section-boxed elementor-section-height-default elementor-section-height-default wpr-particle-no wpr-jarallax-no wpr-parallax-no wpr-sticky-section-no wpr-equal-height-no\" data-id=\"6df85b27\" data-element_type=\"section\" data-e-type=\"section\">\n\t\t\t\t\t\t<div class=\"elementor-container elementor-column-gap-default\">\n\t\t\t\t\t<div class=\"elementor-column elementor-col-100 elementor-top-column elementor-element elementor-element-418cd207\" data-id=\"418cd207\" data-element_type=\"column\" data-e-type=\"column\">\n\t\t\t<div class=\"elementor-widget-wrap\">\n\t\t\t\t\t\t\t<\/div>\n\t\t<\/div>\n\t\t\t\t\t<\/div>\n\t\t<\/section>\n\t\t\t\t<section class=\"elementor-section elementor-top-section elementor-element elementor-element-16fa574 elementor-section-boxed elementor-section-height-default elementor-section-height-default wpr-particle-no wpr-jarallax-no wpr-parallax-no wpr-sticky-section-no wpr-equal-height-no\" data-id=\"16fa574\" data-element_type=\"section\" data-e-type=\"section\">\n\t\t\t\t\t\t<div class=\"elementor-container elementor-column-gap-default\">\n\t\t\t\t\t<div class=\"elementor-column elementor-col-100 elementor-top-column elementor-element elementor-element-a7b9cb6\" data-id=\"a7b9cb6\" data-element_type=\"column\" data-e-type=\"column\">\n\t\t\t<div class=\"elementor-widget-wrap elementor-element-populated\">\n\t\t\t\t\t\t<div class=\"elementor-element elementor-element-31ec6d1 elementor-align-right elementor-mobile-align-center elementor-widget elementor-widget-button\" data-id=\"31ec6d1\" data-element_type=\"widget\" data-e-type=\"widget\" data-widget_type=\"button.default\">\n\t\t\t\t<div class=\"elementor-widget-container\">\n\t\t\t\t\t\t\t\t\t<div class=\"elementor-button-wrapper\">\n\t\t\t\t\t<a class=\"elementor-button elementor-button-link elementor-size-sm\" href=\"https:\/\/bambolear.com.br\/performances\/\">\n\t\t\t\t\t\t<span class=\"elementor-button-content-wrapper\">\n\t\t\t\t\t\t\t\t\t<span class=\"elementor-button-text\">VOLTAR<\/span>\n\t\t\t\t\t<\/span>\n\t\t\t\t\t<\/a>\n\t\t\t\t<\/div>\n\t\t\t\t\t\t\t\t<\/div>\n\t\t\t\t<\/div>\n\t\t\t\t\t<\/div>\n\t\t<\/div>\n\t\t\t\t\t<\/div>\n\t\t<\/section>\n\t\t\t\t<\/div>","protected":false},"excerpt":{"rendered":"<p>Pocket \/ Street Shows \/ PERFORMANCES Shows de rua, shows de curta dura\u00e7\u00e3o (para ruA, TEATRO OU ESPA\u00c7OS ALTERNATIVOS) E PERFORMANCES ITINERANTES E INTERATIVAS PARA FESTIVAIS E EVENTOS BAMBOL\u00caS L\u00daDICOS DIMENS\u00d5ES E TRANSE FIO DE FOGO VIDA VOLTAR<\/p>","protected":false},"author":1,"featured_media":0,"parent":0,"menu_order":0,"comment_status":"closed","ping_status":"closed","template":"elementor_header_footer","meta":{"footnotes":""},"class_list":["post-3053","page","type-page","status-publish","hentry"],"jetpack_sharing_enabled":true,"_links":{"self":[{"href":"https:\/\/bambolear.com.br\/en\/wp-json\/wp\/v2\/pages\/3053","targetHints":{"allow":["GET"]}}],"collection":[{"href":"https:\/\/bambolear.com.br\/en\/wp-json\/wp\/v2\/pages"}],"about":[{"href":"https:\/\/bambolear.com.br\/en\/wp-json\/wp\/v2\/types\/page"}],"author":[{"embeddable":true,"href":"https:\/\/bambolear.com.br\/en\/wp-json\/wp\/v2\/users\/1"}],"replies":[{"embeddable":true,"href":"https:\/\/bambolear.com.br\/en\/wp-json\/wp\/v2\/comments?post=3053"}],"version-history":[{"count":57,"href":"https:\/\/bambolear.com.br\/en\/wp-json\/wp\/v2\/pages\/3053\/revisions"}],"predecessor-version":[{"id":10872,"href":"https:\/\/bambolear.com.br\/en\/wp-json\/wp\/v2\/pages\/3053\/revisions\/10872"}],"wp:attachment":[{"href":"https:\/\/bambolear.com.br\/en\/wp-json\/wp\/v2\/media?parent=3053"}],"curies":[{"name":"wp","href":"https:\/\/api.w.org\/{rel}","templated":true}]}}